{"id":109,"date":"2026-03-03T18:28:59","date_gmt":"2026-03-03T18:28:59","guid":{"rendered":"https:\/\/tallinnvoice.ee\/?page_id=109"},"modified":"2026-04-03T08:39:43","modified_gmt":"2026-04-03T08:39:43","slug":"regulations","status":"publish","type":"page","link":"https:\/\/tallinnvoice.ee\/et\/regulations\/","title":{"rendered":"REEGLID"},"content":{"rendered":"<div class=\"wp-block-group has-x-large-font-size is-layout-constrained wp-container-core-group-is-layout-2f83dde4 wp-block-group-is-layout-constrained\" style=\"margin-top:0;margin-bottom:0;padding-top:var(--wp--preset--spacing--20);padding-right:var(--wp--preset--spacing--40);padding-bottom:var(--wp--preset--spacing--40);padding-left:var(--wp--preset--spacing--40)\">\n<h1 class=\"wp-block-heading has-text-align-center has-palette-color-1-color has-text-color has-link-color has-x-large-font-size wp-elements-c1dba661c51365257c692da819fe8195\" id=\"competition-regulations\">KONKURSI REEGLID JA TINGIMUSED<\/h1>\n\n\n\n<p class=\"has-text-align-center has-palette-color-3-color has-text-color has-link-color has-medium-font-size wp-elements-0880d22f694f8b1a8c3e4c76ff065561\">Palun valige konkursi kategooria, et vaadata \u00fcksikasjalikke reegleid ja osalemisn\u00f5udeid.<\/p>\n<\/div>\n\n\n\n<div class=\"wp-block-columns is-layout-flex wp-container-core-columns-is-layout-09a3dc52 wp-block-columns-is-layout-flex\" style=\"margin-top:var(--wp--preset--spacing--20);margin-bottom:var(--wp--preset--spacing--20);padding-top:var(--wp--preset--spacing--40);padding-right:var(--wp--preset--spacing--30);padding-bottom:var(--wp--preset--spacing--40);padding-left:var(--wp--preset--spacing--30)\">\n<div class=\"wp-block-column is-layout-flow wp-block-column-is-layout-flow\">\n<h2 class=\"wp-block-heading has-text-align-center has-palette-color-5-color has-text-color has-link-color wp-elements-25a1e7631c049e8cf22369f86aab8208\" id=\"vocal-competition\" style=\"padding-bottom:0;font-size:clamp(16.293px, 1.018rem + ((1vw - 3.2px) * 0.68), 25px);\">Vokaalkonkurss<\/h2>\n\n\n\n<p class=\"has-text-align-center\" style=\"padding-bottom:0\">                              1\u20132 Mai 2026<\/p>\n<\/div>\n\n\n\n<div class=\"wp-block-column is-layout-flow wp-container-core-column-is-layout-470e7e12 wp-block-column-is-layout-flow\" style=\"padding-top:0;padding-right:0;padding-bottom:0;padding-left:0\">\n<h2 class=\"wp-block-heading has-text-align-center has-palette-color-5-color has-text-color has-link-color wp-elements-50e8973b77dcb68d91f7a40296a3fdea\" id=\"instrumental-competition\" style=\"padding-bottom:var(--wp--preset--spacing--40);font-size:clamp(16.293px, 1.018rem + ((1vw - 3.2px) * 0.68), 25px);\">Instrumentaalkonkurss<\/h2>\n\n\n\n<p class=\"has-text-align-center\">                     3 Mai 2026<\/p>\n<\/div>\n<\/div>\n\n\n\n<div class=\"wp-block-columns is-layout-flex wp-container-core-columns-is-layout-28f84493 wp-block-columns-is-layout-flex\">\n<div class=\"wp-block-column is-layout-flow wp-block-column-is-layout-flow\">\n<div class=\"wp-block-buttons is-content-justification-center is-layout-flex wp-container-core-buttons-is-layout-a89b3969 wp-block-buttons-is-layout-flex\">\n<div class=\"wp-block-button is-style-outline is-style-outline--1\"><a class=\"wp-block-button__link has-small-font-size has-custom-font-size wp-element-button\" href=\"https:\/\/tallinnvoice.ee\/et\/vocal-regulations\/\">VAATA VOKAALIREEGLEID<\/a><\/div>\n<\/div>\n<\/div>\n\n\n\n<div class=\"wp-block-column is-layout-flow wp-block-column-is-layout-flow\">\n<div class=\"wp-block-buttons is-content-justification-center is-layout-flex wp-container-core-buttons-is-layout-a89b3969 wp-block-buttons-is-layout-flex\">\n<div class=\"wp-block-button is-style-outline is-style-outline--2\"><a class=\"wp-block-button__link has-small-font-size has-custom-font-size wp-element-button\" href=\"https:\/\/tallinnvoice.ee\/et\/instrumental-regulations\/\">VAATA INSTRUMENTAALIREEGLEID<\/a><\/div>\n<\/div>\n<\/div>\n<\/div>\n\n\n\n<p class=\"has-text-align-center\" style=\"padding-top:var(--wp--preset--spacing--30)\">Tallinn Voice 2026 konkursi reeglid on jaotatud vokaali- ja instrumentaalkategooriateks.<\/p>\n\n\n\n<p class=\"has-text-align-center\">Iga jaotis sisaldab \u00fcksikasjalikke osalemisreegleid, repertuaarin\u00f5udeid, vanuser\u00fchmi, esinemise kestust ja \u017e\u00fcrii hindamiskriteeriume.<\/p>\n\n\n\n<p class=\"has-text-align-center\">Palun valige \u00fclal oma kategooria ja tutvuge ametlike reeglitega hoolikalt enne avalduse esitamist.<\/p>","protected":false},"excerpt":{"rendered":"<p>COMPETITION REGULATIONS Please select the competition category to view detailed regulations and participation requirements. \ud83c\udfa4 Vocal Competition 1\u20132 May 2026 \ud83c\udfb9 Instrumental Competition 3 May 2026 Tallinn Voice 2026 competition regulations are divided into vocal and instrumental categories. Each section includes detailed participation rules, repertoire requirements, age groups, performance timing and jury evaluation criteria. Please [&hellip;]<\/p>\n","protected":false},"author":1,"featured_media":0,"parent":0,"menu_order":0,"comment_status":"closed","ping_status":"closed","template":"","meta":{"_eb_attr":"","_gspb_post_css":"","_monsterinsights_skip_tracking":false,"_monsterinsights_sitenote_active":false,"_monsterinsights_sitenote_note":"","_monsterinsights_sitenote_category":0,"footnotes":""},"class_list":["post-109","page","type-page","status-publish","hentry"],"blocksy_meta":[],"aioseo_notices":[],"_links":{"self":[{"href":"https:\/\/tallinnvoice.ee\/et\/wp-json\/wp\/v2\/pages\/109","targetHints":{"allow":["GET"]}}],"collection":[{"href":"https:\/\/tallinnvoice.ee\/et\/wp-json\/wp\/v2\/pages"}],"about":[{"href":"https:\/\/tallinnvoice.ee\/et\/wp-json\/wp\/v2\/types\/page"}],"author":[{"embeddable":true,"href":"https:\/\/tallinnvoice.ee\/et\/wp-json\/wp\/v2\/users\/1"}],"replies":[{"embeddable":true,"href":"https:\/\/tallinnvoice.ee\/et\/wp-json\/wp\/v2\/comments?post=109"}],"version-history":[{"count":12,"href":"https:\/\/tallinnvoice.ee\/et\/wp-json\/wp\/v2\/pages\/109\/revisions"}],"predecessor-version":[{"id":1470,"href":"https:\/\/tallinnvoice.ee\/et\/wp-json\/wp\/v2\/pages\/109\/revisions\/1470"}],"wp:attachment":[{"href":"https:\/\/tallinnvoice.ee\/et\/wp-json\/wp\/v2\/media?parent=109"}],"curies":[{"name":"wp","href":"https:\/\/api.w.org\/{rel}","templated":true}]}}