{"id":111,"date":"2026-03-03T18:29:49","date_gmt":"2026-03-03T18:29:49","guid":{"rendered":"https:\/\/tallinnvoice.ee\/?page_id=111"},"modified":"2026-04-06T08:13:33","modified_gmt":"2026-04-06T08:13:33","slug":"instrumental-regulations","status":"publish","type":"page","link":"https:\/\/tallinnvoice.ee\/et\/instrumental-regulations\/","title":{"rendered":"Instrumentaalkonkurss"},"content":{"rendered":"<div class=\"wp-block-group has-palette-color-1-color has-text-color has-link-color wp-elements-208637639abe730bca883822ddf57b53 is-layout-constrained wp-container-core-group-is-layout-704e782a wp-block-group-is-layout-constrained\">\n<h1 class=\"wp-block-heading has-text-align-center has-palette-color-1-color has-text-color has-link-color has-large-font-size wp-elements-f4c0a8cbb616f1c9132b8c33f36031cd\" id=\"instrumental-competition-regulations\">INSTRUMENTAALKONKURSI REEGLID JA TINGIMUSED<\/h1>\n\n\n\n<p class=\"has-text-align-center has-palette-color-3-color has-text-color has-link-color wp-elements-7b3831528299b38af9d9a51d5fd3157d\">Tallinn Voice 2026 rahvusvaheline muusikakonkurss<\/p>\n<\/div>\n\n\n\n<hr class=\"wp-block-separator has-text-color has-palette-color-1-color has-alpha-channel-opacity has-palette-color-1-background-color has-background is-style-wide\" style=\"margin-top:0;margin-bottom:0\"\/>\n\n\n\n<div class=\"wp-block-group is-layout-constrained wp-container-core-group-is-layout-2faac235 wp-block-group-is-layout-constrained\" style=\"padding-right:var(--wp--preset--spacing--20);padding-left:var(--wp--preset--spacing--30)\">\n<h3 class=\"wp-block-heading has-palette-color-1-color has-text-color has-link-color has-medium-font-size wp-elements-c5819b1bb4d89f64453efb3bf722f9a6\" id=\"dates-venue\" style=\"padding-top:var(--wp--preset--spacing--30)\">Kuup\u00e4evad ja toimumiskoht<\/h3>\n\n\n\n<p style=\"padding-top:0;padding-bottom:0\"><strong>3 Mai 2026<\/strong><\/p>\n\n\n\n<h3 class=\"wp-block-heading has-palette-color-1-color has-text-color has-link-color has-medium-font-size wp-elements-ed204148d18a6ede6a982e607bef7b6e\" id=\"venue\" style=\"padding-top:0\">Toimumiskoht<\/h3>\n\n\n\n<p>Mere Kultuurikeskus<br>Mere pst 5, Tallinn, Estonia<\/p>\n\n\n\n<h2 class=\"wp-block-heading has-palette-color-1-color has-text-color has-link-color has-medium-font-size wp-elements-65e2a770a8b4019746057486ad32ab32\" id=\"purpose-of-the-competition\">Konkursi eesm\u00e4rk<\/h2>\n\n\n\n<p>Konkursi eesm\u00e4rgid on:<\/p>\n\n\n\n<ul class=\"wp-block-list\">\n<li>Arendada lavakultuuri ja professionaalset esinemistaset<\/li>\n\n\n\n<li>Pakkuda v\u00f5imalusi osalemiseks rahvusvahelistes projektides, konkurssidel ja festivalidel<\/li>\n\n\n\n<li>Tugevdada rahvusvahelist kultuurikoost\u00f6\u00f6d<\/li>\n\n\n\n<li>Edendada kunstilist loomingulisust ja esinemise tipptaset<\/li>\n<\/ul>\n\n\n\n<h3 class=\"wp-block-heading has-palette-color-1-color has-text-color has-link-color has-medium-font-size wp-elements-23409f937601fd66a522ea3ee100d466\" id=\"age-groups-and-time-of-performance\"><strong>Vanuser\u00fchmad ja esinemise aeg:<\/strong><\/h3>\n\n\n\n<ul class=\"wp-block-list\">\n<li>Group A: 7 to 10 years old \u2013 till 5 minutes ( one or two pieces)<\/li>\n\n\n\n<li>Group B: 11 to 13 years old \u2013 till 10 minutes (one or two pieces)<\/li>\n\n\n\n<li>Group C: 14 to 17 years old \u2013 12 minutes ( one or two pieces)<\/li>\n\n\n\n<li>Group D: 18 years and older \u2014 up to 13 minutes (one piece or pieces of different character)<\/li>\n<\/ul>\n\n\n\n<h3 class=\"wp-block-heading has-palette-color-1-color has-text-color has-link-color has-medium-font-size wp-elements-2b47358e973dde12c0a16a27cbc84e74\" id=\"repertoire-requirements-participants-may-choose-one-or-two-pieces-from-any-of-the-following-category\"><strong>Repertuaarin\u00f5uded. Osalejad v\u00f5ivad valida \u00fche v\u00f5i kaks teost j\u00e4rgmistest kategooriatest:<\/strong><\/h3>\n\n\n\n<ul class=\"wp-block-list\">\n<li><strong>Klassikaline repertuaar (barokk, klassitsism, romantism v\u00f5i kaasaegne muusika)<\/strong><\/li>\n\n\n\n<li><strong>Rahvamuusika \/ traditsiooniline muusika<\/strong><\/li>\n\n\n\n<li><strong>Kaasaegne helilooming<\/strong><\/li>\n\n\n\n<li><strong>Jazz \/ bluus<\/strong><\/li>\n<\/ul>\n\n\n\n<h3 class=\"wp-block-heading has-palette-color-1-color has-text-color has-link-color has-medium-font-size wp-elements-f0d8a27236138f23e4b354f3bc4ddaac\" id=\"nominations\">Nominatsioonid<\/h3>\n\n\n\n<ul class=\"wp-block-list\">\n<li>Solo&nbsp;<\/li>\n\n\n\n<li>Duett<\/li>\n\n\n\n<li>Ansambel<\/li>\n\n\n\n<li>Orkester<\/li>\n<\/ul>\n\n\n\n<h3 class=\"wp-block-heading has-palette-color-1-color has-text-color has-link-color has-medium-font-size wp-elements-c65b41234ab6a0cb9e7d9737ca679310\" id=\"important\">Oluline:<\/h3>\n\n\n\n<p>2025. aasta Grand Prix v\u00f5itja ei tohi 2026. aastal samas vanusekategoorias osaleda.<\/p>\n\n\n\n<h3 class=\"wp-block-heading has-palette-color-1-color has-text-color has-link-color has-medium-font-size wp-elements-cc135def36d4abbd1b11023b32689519\" id=\"evaluation-grading-system\">Hindamis- ja punktis\u00fcsteem<\/h3>\n\n\n\n<p>Hindamiss\u00fcsteem on avatud ja l\u00e4bipaistev.<\/p>\n\n\n\n<p>95\u201399 \u2014 Laureate I<br>90\u201394 \u2014 Laureate II<br>85\u201389 \u2014 Laureate III<br>80\u201384 \u2014Diplomant<br>75\u201379 \u2014 Osaleja<br>100 \u2014 Grand Prix kandidaat<\/p>\n\n\n\n<p>Otsus Grand Prix\u2019 omistamise kohta tehakse punktisumma alusel ning vaidluse korral \u017e\u00fcrii \u00fcldotsusega.\nKui sama nominatsiooni erinevad osalejad koguvad sarnase arvu punkte, on \u017e\u00fcrii esimehel \u00f5igus h\u00e4\u00e4letada uuesti.\n\u017d\u00fcrii otsus on l\u00f5plik ega kuulu vaidlustamisele.<\/p>\n\n\n\n<h3 class=\"wp-block-heading has-palette-color-1-color has-text-color has-link-color has-medium-font-size wp-elements-db5ece1c7ca6d5e4f163831e80ee8ed3\" id=\"jury\">\u017d\u00dcRII<\/h3>\n\n\n\n<p>Rahvusvaheline \u017e\u00fcrii koosneb rahvusvaheliselt tunnustatud professionaalsetest muusikutest ja pedagoogidest, produtsentidest, heliloojatest, loominguliste kollektiivide ja organisatsioonide juhtidest ning kultuuri- ja kunstitegelastest.<\/p>\n\n\n\n<h3 class=\"wp-block-heading has-palette-color-1-color has-text-color has-link-color has-medium-font-size wp-elements-234e834383489c2373217f7d9a0a5263\" id=\"evaluation-criteria\">Hindamiskriteeriumid<\/h3>\n\n\n\n<ul class=\"wp-block-list\">\n<li>Intonatsioon<\/li>\n\n\n\n<li>Professionaalsus<\/li>\n\n\n\n<li>Originaalsus<\/li>\n\n\n\n<li>Lavaline kuvand<\/li>\n\n\n\n<li>Esitus ja muusikaline interpretatsioon<\/li>\n<\/ul>\n\n\n\n<h3 class=\"wp-block-heading has-palette-color-1-color has-text-color has-link-color has-medium-font-size wp-elements-9bb908adbfafc8ba9653bd9635d2443a\" id=\"grand-awards\">Peaauhinnad<\/h3>\n\n\n\n<ul class=\"wp-block-list\">\n<li>Grand Prix \u2014 250 \u20ac<\/li>\n<\/ul>\n\n\n\n<h3 class=\"wp-block-heading has-palette-color-1-color has-text-color has-link-color has-medium-font-size wp-elements-3b3e5a7c18ce8473f3d66791c92265bf\" id=\"special-awards\">Eriauhinnad<\/h3>\n\n\n\n<ul class=\"wp-block-list\">\n<li>&nbsp;Konkursi organiseerijate auhind<\/li>\n\n\n\n<li>T\u00f5usev t\u00e4ht (lootustandev artist)<\/li>\n\n\n\n<li>K\u00f5ige artistlikum konkursant<\/li>\n\n\n\n<li>K\u00f5ige originaalsem artist<\/li>\n\n\n\n<li>K\u00f5ige noorem osaleja<\/li>\n<\/ul>\n\n\n\n<p style=\"font-size:clamp(14px, 0.875rem + ((1vw - 3.2px) * 0.391), 19px);\">K\u00f5ik osalejad saavad auhinnaks karikad, diplomid ja kingitused<\/p>\n\n\n\n<h3 class=\"wp-block-heading has-text-align-center has-palette-color-1-color has-text-color has-link-color wp-elements-13feb39a1525df720aafb18f773ad244\" id=\"registration\">Registreerimine<\/h3>\n\n\n\n<p class=\"has-luminous-vivid-orange-color has-text-color has-link-color wp-elements-a1d4e6b1d31573aa9196b0f340811a8a\">Registreerimist\u00e4htaeg: <strong>1 April 2026<\/strong><\/p>\n\n\n\n<p class=\"has-palette-color-3-color has-text-color has-link-color wp-elements-19e00ce263812a0dda19200000a404d2\">Osav\u00f5tutasu makset\u00e4htaeg: <strong>10 April 2026<\/strong><br>(Hilinenud registreerimisi ei aktsepteerita)<\/p>\n\n\n\n<p>Laulu v\u00f5ib vahetada kuni <strong>20 April 2026<\/strong> saates info e-postile:<br>\ud83d\udce9 <a>tallinnvoice@gmail.com<\/a><\/p>\n\n\n\n<p>P\u00e4rast 20. aprilli tehakse muudatusi lisatasu eest (20 \u20ac) <strong>20 \u20ac administrative fee<\/strong>.<\/p>\n\n\n\n<p>Osalustasu ei tagastata, kui osaleja loobub omal soovil.<\/p>\n\n\n\n<hr class=\"wp-block-separator has-alpha-channel-opacity\"\/>\n\n\n\n<h3 class=\"wp-block-heading has-text-align-center has-palette-color-1-color has-text-color has-link-color has-medium-font-size wp-elements-9eaa5beda06a73be6dde6997d890c29f\" id=\"participation-fees-per-nomination\">Osalustasud (iga nominatsiooni kohta)<\/h3>\n\n\n\n<p class=\"has-text-align-center\">Registreerimist\u00e4htaeg <strong>01.04.2026<\/strong><\/p>\n<\/div>\n\n\n\n<div class=\"wp-block-group is-layout-constrained wp-block-group-is-layout-constrained\">\n<figure class=\"wp-block-table is-style-regular\" style=\"padding-right:var(--wp--preset--spacing--30);padding-left:var(--wp--preset--spacing--30);font-style:normal;font-weight:700\"><table class=\"has-palette-color-3-color has-text-color has-link-color has-fixed-layout\"><tbody><tr><td class=\"has-text-align-left\" data-align=\"left\">Kategooria<\/td><td class=\"has-text-align-center\" data-align=\"center\">Hind enne 15. m\u00e4rtsi<\/td><td class=\"has-text-align-center\" data-align=\"center\">Hind p\u00e4rast 15. m\u00e4rtsi<\/td><\/tr><tr><td class=\"has-text-align-left\" data-align=\"left\">Solo<\/td><td class=\"has-text-align-center\" data-align=\"center\">50\u20ac<\/td><td class=\"has-text-align-center\" data-align=\"center\">90\u20ac<\/td><\/tr><tr><td class=\"has-text-align-left\" data-align=\"left\">Duett<\/td><td class=\"has-text-align-center\" data-align=\"center\">70\u20ac<\/td><td class=\"has-text-align-center\" data-align=\"center\">130\u20ac<\/td><\/tr><tr><td class=\"has-text-align-left\" data-align=\"left\">Trio<\/td><td class=\"has-text-align-center\" data-align=\"center\">90\u20ac<\/td><td class=\"has-text-align-center\" data-align=\"center\">160\u20ac<\/td><\/tr><tr><td class=\"has-text-align-left\" data-align=\"left\">Ansambel (4 osalejat)<\/td><td class=\"has-text-align-center\" data-align=\"center\">25\u20ac \/ osaleja<\/td><td class=\"has-text-align-center\" data-align=\"center\">30\u20ac \/ osaleja<\/td><\/tr><tr><td class=\"has-text-align-left\" data-align=\"left\">Ansambel (5 osalejat)<\/td><td class=\"has-text-align-center\" data-align=\"center\">30\u20ac \/ osaleja<\/td><td class=\"has-text-align-center\" data-align=\"center\">35\u20ac \/ osaleja<\/td><\/tr><\/tbody><\/table><\/figure>\n\n\n\n<p class=\"has-medium-font-size\" style=\"padding-left:var(--wp--preset--spacing--30)\">Soodustus varajasele registreerijale kehtib enne 15. m\u00e4rtsi 2026 esitatud avaldustele.<\/p>\n<\/div>\n\n\n\n<h3 class=\"wp-block-heading has-text-align-center has-palette-color-1-color has-text-color has-link-color has-medium-font-size wp-elements-98c52d38efbfed73e215d4501e89511f\" id=\"accreditation-accommodation\"><strong>Accreditation &amp; Accommodation<\/strong><\/h3>\n\n\n\n<div class=\"wp-block-columns is-layout-flex wp-container-core-columns-is-layout-1a2ddb66 wp-block-columns-is-layout-flex\" style=\"padding-right:var(--wp--preset--spacing--30);padding-left:var(--wp--preset--spacing--30)\">\n<div class=\"wp-block-column is-layout-flow wp-block-column-is-layout-flow\">\n<figure class=\"wp-block-gallery alignwide has-nested-images columns-default is-cropped wp-block-gallery-1 is-layout-flex wp-block-gallery-is-layout-flex\" style=\"border-style:none;border-width:0px;border-top-left-radius:4px;border-top-right-radius:4px;border-bottom-left-radius:4px;border-bottom-right-radius:4px\">\n<figure class=\"wp-block-image size-large\"><img loading=\"lazy\" decoding=\"async\" width=\"1024\" height=\"427\" data-id=\"138\" src=\"https:\/\/tallinnvoice.ee\/wp-content\/uploads\/2026\/03\/meriton2-1024x427.jpg\" alt=\"\" class=\"wp-image-138\" style=\"aspect-ratio:4\/3\" srcset=\"https:\/\/tallinnvoice.ee\/wp-content\/uploads\/2026\/03\/meriton2-1024x427.jpg 1024w, https:\/\/tallinnvoice.ee\/wp-content\/uploads\/2026\/03\/meriton2-300x125.jpg 300w, https:\/\/tallinnvoice.ee\/wp-content\/uploads\/2026\/03\/meriton2-768x320.jpg 768w, https:\/\/tallinnvoice.ee\/wp-content\/uploads\/2026\/03\/meriton2-1536x640.jpg 1536w, https:\/\/tallinnvoice.ee\/wp-content\/uploads\/2026\/03\/meriton2-18x8.jpg 18w, https:\/\/tallinnvoice.ee\/wp-content\/uploads\/2026\/03\/meriton2.jpg 1920w\" sizes=\"auto, (max-width: 1024px) 100vw, 1024px\" \/><\/figure>\n\n\n\n<figure class=\"wp-block-image size-large\"><img loading=\"lazy\" decoding=\"async\" width=\"192\" height=\"128\" data-id=\"139\" src=\"https:\/\/tallinnvoice.ee\/wp-content\/uploads\/2026\/03\/meriton3.jpeg\" alt=\"\" class=\"wp-image-139\" style=\"aspect-ratio:4\/3\" srcset=\"https:\/\/tallinnvoice.ee\/wp-content\/uploads\/2026\/03\/meriton3.jpeg 192w, https:\/\/tallinnvoice.ee\/wp-content\/uploads\/2026\/03\/meriton3-18x12.jpeg 18w\" sizes=\"auto, (max-width: 192px) 100vw, 192px\" \/><\/figure>\n\n\n\n<figure class=\"wp-block-image size-large\"><img loading=\"lazy\" decoding=\"async\" width=\"812\" height=\"501\" data-id=\"140\" src=\"https:\/\/tallinnvoice.ee\/wp-content\/uploads\/2026\/03\/meriton4.jpg\" alt=\"\" class=\"wp-image-140\" style=\"aspect-ratio:4\/3\" srcset=\"https:\/\/tallinnvoice.ee\/wp-content\/uploads\/2026\/03\/meriton4.jpg 812w, https:\/\/tallinnvoice.ee\/wp-content\/uploads\/2026\/03\/meriton4-300x185.jpg 300w, https:\/\/tallinnvoice.ee\/wp-content\/uploads\/2026\/03\/meriton4-768x474.jpg 768w, https:\/\/tallinnvoice.ee\/wp-content\/uploads\/2026\/03\/meriton4-18x12.jpg 18w\" sizes=\"auto, (max-width: 812px) 100vw, 812px\" \/><\/figure>\n\n\n\n<figure class=\"wp-block-image size-large\"><img loading=\"lazy\" decoding=\"async\" width=\"1424\" height=\"1069\" data-id=\"137\" src=\"https:\/\/tallinnvoice.ee\/wp-content\/uploads\/2026\/03\/meriton1-edited-1.avif\" alt=\"\" class=\"wp-image-137\" style=\"aspect-ratio:4\/3\" srcset=\"https:\/\/tallinnvoice.ee\/wp-content\/uploads\/2026\/03\/meriton1-edited-1.avif 1424w, https:\/\/tallinnvoice.ee\/wp-content\/uploads\/2026\/03\/meriton1-edited-1-300x225.avif 300w, https:\/\/tallinnvoice.ee\/wp-content\/uploads\/2026\/03\/meriton1-edited-1-1024x769.avif 1024w, https:\/\/tallinnvoice.ee\/wp-content\/uploads\/2026\/03\/meriton1-edited-1-768x577.avif 768w, https:\/\/tallinnvoice.ee\/wp-content\/uploads\/2026\/03\/meriton1-edited-1-16x12.avif 16w\" sizes=\"auto, (max-width: 1424px) 100vw, 1424px\" \/><\/figure>\n<\/figure>\n<\/div>\n\n\n\n<div class=\"wp-block-column is-layout-flow wp-block-column-is-layout-flow\">\n<p>Accommodation during the competition must be booked through the organizers (except for participants from Estonia)<\/p>\n\n\n\n<p><\/p>\n\n\n\n<p style=\"text-decoration:underline\"><strong>Official partner hotel:<\/strong><\/p>\n\n\n\n<p class=\"has-palette-color-1-color has-text-color has-link-color wp-elements-661bcea19c14ab8d819f13e02f8742cc\" style=\"padding-right:0;font-size:clamp(14px, 0.875rem + ((1vw - 3.2px) * 0.156), 16px);\"><strong>Park Inn by Radisson Meriton Conference &amp; Spa Hotel Tallinn 4*<\/strong><br>Toompuiestee 27, Tallinn, Estonia<\/p>\n\n\n\n<p>The cost depends on the number of people, room type, and length of stay.<br>Special rates apply to accompanying persons.<\/p>\n<\/div>\n<\/div>\n\n\n\n<div class=\"wp-block-group is-layout-constrained wp-container-core-group-is-layout-ff778368 wp-block-group-is-layout-constrained\" style=\"padding-right:var(--wp--preset--spacing--30);padding-left:var(--wp--preset--spacing--30)\">\n<div class=\"wp-block-columns is-layout-flex wp-container-core-columns-is-layout-28f84493 wp-block-columns-is-layout-flex\">\n<div class=\"wp-block-column is-layout-flow wp-block-column-is-layout-flow\" style=\"flex-basis:100%\">\n<figure class=\"wp-block-table\"><table class=\"has-fixed-layout\"><tbody><tr><td>Package<\/td><td class=\"has-text-align-center\" data-align=\"center\">Accommodation<\/td><td class=\"has-text-align-center\" data-align=\"center\">Price Participant<\/td><td class=\"has-text-align-center\" data-align=\"center\">Price Accompanying<\/td><td class=\"has-text-align-center\" data-align=\"center\">Single room Participant<\/td><\/tr><tr><td>1 Package<\/td><td class=\"has-text-align-center\" data-align=\"center\">2 days \/ 1 night<\/td><td class=\"has-text-align-center\" data-align=\"center\">120\u20ac<\/td><td class=\"has-text-align-center\" data-align=\"center\">100\u20ac<\/td><td class=\"has-text-align-center\" data-align=\"center\">170\u20ac<\/td><\/tr><tr><td>2 Package<\/td><td class=\"has-text-align-center\" data-align=\"center\">3 days \/ 2 night<\/td><td class=\"has-text-align-center\" data-align=\"center\">200\u20ac<\/td><td class=\"has-text-align-center\" data-align=\"center\">150\u20ac<\/td><td class=\"has-text-align-center\" data-align=\"center\">250\u20ac<\/td><\/tr><\/tbody><\/table><\/figure>\n<\/div>\n<\/div>\n\n\n\n<p class=\"has-palette-color-1-color has-text-color has-link-color has-medium-font-size wp-elements-61e74219e32168945aff6b85f66c6b44\"><strong>Accreditation Includes<\/strong><\/p>\n\n\n\n<ul class=\"wp-block-list\">\n<li>Twin \/ triple room accommodation<\/li>\n\n\n\n<li>Breakfast and dinner<\/li>\n\n\n\n<li>SPA &amp; sauna center access<\/li>\n\n\n\n<li>Application review<\/li>\n\n\n\n<li>Participant video card<\/li>\n\n\n\n<li>Performance on professional stage<\/li>\n\n\n\n<li>High-quality sound and lighting<\/li>\n\n\n\n<li>Live worldwide broadcast<\/li>\n\n\n\n<li>International jury evaluation<\/li>\n\n\n\n<li>Souvenirs and memorable gifts<\/li>\n\n\n\n<li>Guided tour of Old Tallinn<\/li>\n\n\n\n<li>Transfers: hotel \u2192 venue \u2192 hotel<\/li>\n<\/ul>\n\n\n\n<p>Additional night: <strong>55 \u20ac per person<\/strong> (twin\/triple room + breakfast)<\/p>\n\n\n\n<p>Team leaders with <strong>10+ participants receive free accommodation<\/strong>.<\/p>\n\n\n\n<h3 class=\"wp-block-heading has-text-align-center has-palette-color-1-color has-text-color has-link-color has-medium-font-size wp-elements-135f44a968b510d07e92cfa1a686e9d0\" id=\"additional-information\"><strong>Lisainfo<\/strong><\/h3>\n\n\n\n<ul class=\"wp-block-list\">\n<li>Konkursi t\u00e4pne ajakava avaldatakse korralduskomitee poolt hiljemalt 14 p\u00e4eva enne konkursi algust.<\/li>\n\n\n\n<li>Osalejad peavad saabuma konkursile koos oma vanemate v\u00f5i seaduslike eestkostjatega. Vanemad v\u00f5i eestkostjad vastutavad t\u00e4ielikult osaleja k\u00e4itumise, turvalisuse ja heaolu eest \u00fcrituse ajal.<\/li>\n\n\n\n<li>Osalejad katavad ise oma reisi- ja majutuskulud.<\/li>\n\n\n\n<li>Festivali korraldajatel on \u00f5igus konkursi ajal tehtud foto- ja videomaterjali pildistada, filmida, salvestada, s\u00e4ilitada ning kasutada.<\/li>\n\n\n\n<li>Konkurssi kantakse otse \u00fcle Tallinn Voice\u2019i Facebooki lehel ning see filmitakse professionaalselt. <strong>Tallinn Voice<\/strong> Facebook page and professionally recorded.<\/li>\n\n\n\n<li>Korralduskomiteel on \u00f5igus sulgeda avalduste vastuv\u00f5tt enne v\u00e4ljakuulutatud t\u00e4htaega, kui teatud kategooriates on osalejate maksimaalne arv t\u00e4itunud.<\/li>\n\n\n\n<li>Avalduse esitamisega n\u00f5ustuvad osalejad rahvusvahelise muusikakonkursi Tallinn Voice tingimustega ning kinnitavad esitatud andmete \u00f5igsust.<strong>e application, participants confirm acceptance of the competition rules.<\/strong><\/li>\n<\/ul>\n\n\n\n<p class=\"has-medium-font-size\"><strong>Korraldajad j\u00e4tavad endale \u00f5iguse teha muudatusi konkursi juhendis ja reeglites.<\/strong><\/p>\n\n\n\n<p class=\"has-palette-color-1-color has-text-color has-link-color has-medium-font-size wp-elements-5a0b75c4d8310117aa519479ba2f9612\"><strong>Panga rekvisiidid:<\/strong><\/p>\n\n\n\n<p>AS SWEDBANK AS,<\/p>\n\n\n\n<p>aadress: Liivalaia 8, 15040 Tallinn, SWIFT\/BIC\u00a0 HABAEE2X<\/p>\n\n\n\n<p>Saaja: DELIGHT GRUPP MT\u00dc<\/p>\n\n\n\n<p>arveldus arve: EE462200221090084190 <strong>EE462200221090084190<\/strong><\/p>\n\n\n\n<h3 class=\"wp-block-heading has-palette-color-1-color has-text-color has-link-color has-medium-font-size wp-elements-3dd8cc0a37c393d45740eaa22a7036cc\" id=\"contacts\"><strong>Kontaktid:<\/strong><\/h3>\n\n\n\n<p>Delight Grupp MR\u00dc, S\u00f5\u00f5rkakra p\u00f5ik, 23, Tallinn, Estonia<\/p>\n\n\n\n<p>+37258438909&nbsp; Elena Savtsuk<\/p>\n\n\n\n<p>+3725045060 Elena Pimenova<\/p>\n\n\n\n<p>e-mail: <a href=\"mailto:tallinnvoice@gmail.com\">tallinnvoice@gmail.com<\/a><\/p>\n\n\n\n<p>www.tallinnvoice.ee<\/p>\n<\/div>\n\n\n\n<p class=\"has-text-align-center\"><br><\/p>","protected":false},"excerpt":{"rendered":"<p>\ud83c\udfb9 INSTRUMENTAL COMPETITION REGULATIONS Tallinn Voice International Music Contest 2026 Dates &amp; Venue 3 May 2026 Venue: Mere KultuurikeskusMere pst 5, Tallinn, Estonia Purpose of the Competition The competition aims to: Age groups and time of performance: Repertoire requirements. Participants may choose one or two pieces from any of the following category: Nominations Important: Grand [&hellip;]<\/p>\n","protected":false},"author":1,"featured_media":0,"parent":0,"menu_order":0,"comment_status":"closed","ping_status":"closed","template":"","meta":{"_eb_attr":"","_gspb_post_css":"","_monsterinsights_skip_tracking":false,"_monsterinsights_sitenote_active":false,"_monsterinsights_sitenote_note":"","_monsterinsights_sitenote_category":0,"footnotes":""},"class_list":["post-111","page","type-page","status-publish","hentry"],"blocksy_meta":[],"aioseo_notices":[],"_links":{"self":[{"href":"https:\/\/tallinnvoice.ee\/et\/wp-json\/wp\/v2\/pages\/111","targetHints":{"allow":["GET"]}}],"collection":[{"href":"https:\/\/tallinnvoice.ee\/et\/wp-json\/wp\/v2\/pages"}],"about":[{"href":"https:\/\/tallinnvoice.ee\/et\/wp-json\/wp\/v2\/types\/page"}],"author":[{"embeddable":true,"href":"https:\/\/tallinnvoice.ee\/et\/wp-json\/wp\/v2\/users\/1"}],"replies":[{"embeddable":true,"href":"https:\/\/tallinnvoice.ee\/et\/wp-json\/wp\/v2\/comments?post=111"}],"version-history":[{"count":10,"href":"https:\/\/tallinnvoice.ee\/et\/wp-json\/wp\/v2\/pages\/111\/revisions"}],"predecessor-version":[{"id":1513,"href":"https:\/\/tallinnvoice.ee\/et\/wp-json\/wp\/v2\/pages\/111\/revisions\/1513"}],"wp:attachment":[{"href":"https:\/\/tallinnvoice.ee\/et\/wp-json\/wp\/v2\/media?parent=111"}],"curies":[{"name":"wp","href":"https:\/\/api.w.org\/{rel}","templated":true}]}}