{"id":17,"date":"2026-03-01T21:39:11","date_gmt":"2026-03-01T21:39:11","guid":{"rendered":"https:\/\/tallinnvoice.ee\/contact\/"},"modified":"2026-04-03T21:40:02","modified_gmt":"2026-04-03T21:40:02","slug":"contact","status":"publish","type":"page","link":"https:\/\/tallinnvoice.ee\/et\/contact\/","title":{"rendered":"KONTAKT"},"content":{"rendered":"\n<div class=\"wp-block-group is-content-justification-left is-layout-constrained wp-container-core-group-is-layout-12dd3699 wp-block-group-is-layout-constrained\">\n<h2 class=\"wp-block-heading has-text-align-left has-palette-color-1-color has-text-color has-link-color wp-elements-e371fd321cdb039b9db2372137b52be8\" id=\"contact-us\">Contact us<\/h2>\n\n\n\n<p class=\"has-text-align-left\" style=\"font-size:clamp(14px, 0.875rem + ((1vw - 3.2px) * 0.469), 20px);\">Have questions about participation or registration?<br>Our team will be happy to assist you.<\/p>\n<\/div>\n\n\n\n<div class=\"wp-block-group alignfull is-style-ext-preset--group--natural-1--section ext-animate--on has-background-background-color has-background is-layout-constrained wp-block-group-is-layout-constrained\" id=\"contact\" style=\"margin-top:0;margin-bottom:0;padding-top:var(--wp--preset--spacing--70);padding-bottom:var(--wp--preset--spacing--70)\">\n<div class=\"wp-block-media-text alignwide is-stacked-on-mobile is-image-fill-element is-style-ext-preset--media-text--natural-1--card-1 ext-animate--on has-tertiary-background-color has-background\" style=\"grid-template-columns:48% auto\"><figure class=\"wp-block-media-text__media\"><img loading=\"lazy\" decoding=\"async\" width=\"683\" height=\"1024\" src=\"https:\/\/tallinnvoice.ee\/wp-content\/uploads\/2026\/03\/JLV3290-1-683x1024.jpg\" alt=\"\" class=\"wp-image-448 size-full\" style=\"object-position:50% 50%\" srcset=\"https:\/\/tallinnvoice.ee\/wp-content\/uploads\/2026\/03\/JLV3290-1-683x1024.jpg 683w, https:\/\/tallinnvoice.ee\/wp-content\/uploads\/2026\/03\/JLV3290-1-200x300.jpg 200w, https:\/\/tallinnvoice.ee\/wp-content\/uploads\/2026\/03\/JLV3290-1-768x1152.jpg 768w, https:\/\/tallinnvoice.ee\/wp-content\/uploads\/2026\/03\/JLV3290-1-1024x1536.jpg 1024w, https:\/\/tallinnvoice.ee\/wp-content\/uploads\/2026\/03\/JLV3290-1-1365x2048.jpg 1365w, https:\/\/tallinnvoice.ee\/wp-content\/uploads\/2026\/03\/JLV3290-1-8x12.jpg 8w, https:\/\/tallinnvoice.ee\/wp-content\/uploads\/2026\/03\/JLV3290-1-scaled.jpg 1707w\" sizes=\"auto, (max-width: 683px) 100vw, 683px\" \/><\/figure><div class=\"wp-block-media-text__content\"><div class=\"wpforms-container wpforms-render-modern\" id=\"wpforms-15\"><form id=\"wpforms-form-15\" class=\"wpforms-validate wpforms-form wpforms-ajax-form\" data-formid=\"15\" method=\"post\" enctype=\"multipart\/form-data\" action=\"\/et\/wp-json\/wp\/v2\/pages\/17\" data-token=\"23cb8322e4afe23a5acc65bde34b2b28\" data-token-time=\"1775993037\"><noscript class=\"wpforms-error-noscript\">Please enable JavaScript in your browser to complete this form.<\/noscript><div id=\"wpforms-error-noscript\" style=\"display: none;\">Please enable JavaScript in your browser to complete this form.<\/div><div class=\"wpforms-field-container\"><div id=\"wpforms-15-field_1-container\" class=\"wpforms-field wpforms-field-name\" data-field-id=\"1\"><label class=\"wpforms-field-label\" for=\"wpforms-15-field_1\">Name <span class=\"wpforms-required-label\" aria-hidden=\"true\">*<\/span><\/label><input type=\"text\" id=\"wpforms-15-field_1\" class=\"wpforms-field-large wpforms-field-required\" name=\"wpforms[fields][1]\" aria-errormessage=\"wpforms-15-field_1-error\" required><\/div><div id=\"wpforms-15-field_2-container\" class=\"wpforms-field wpforms-field-email\" data-field-id=\"2\"><label class=\"wpforms-field-label\" for=\"wpforms-15-field_2\">Email <span class=\"wpforms-required-label\" aria-hidden=\"true\">*<\/span><\/label><input type=\"email\" id=\"wpforms-15-field_2\" class=\"wpforms-field-large wpforms-field-required\" name=\"wpforms[fields][2]\" spellcheck=\"false\" aria-errormessage=\"wpforms-15-field_2-error\" required><\/div><div id=\"wpforms-15-field_3-container\" class=\"wpforms-field wpforms-field-text\" data-field-id=\"3\"><label class=\"wpforms-field-label\" for=\"wpforms-15-field_3\">Subject<\/label><input type=\"text\" id=\"wpforms-15-field_3\" class=\"wpforms-field-large\" name=\"wpforms[fields][3]\" aria-errormessage=\"wpforms-15-field_3-error\" ><\/div><div id=\"wpforms-15-field_4-container\" class=\"wpforms-field wpforms-field-textarea\" data-field-id=\"4\"><label class=\"wpforms-field-label\" for=\"wpforms-15-field_4\">Message <span class=\"wpforms-required-label\" aria-hidden=\"true\">*<\/span><\/label><textarea id=\"wpforms-15-field_4\" class=\"wpforms-field-large wpforms-field-required\" name=\"wpforms[fields][4]\" aria-errormessage=\"wpforms-15-field_4-error\" required><\/textarea><\/div>\t\t<div id=\"wpforms-15-field_5-container\"\n\t\t\tclass=\"wpforms-field wpforms-field-text\"\n\t\t\tdata-field-type=\"text\"\n\t\t\tdata-field-id=\"5\"\n\t\t\t>\n\t\t\t<label class=\"wpforms-field-label\" for=\"wpforms-15-field_5\" >Email Message Name<\/label>\n\t\t\t<input type=\"text\" id=\"wpforms-15-field_5\" class=\"wpforms-field-medium\" name=\"wpforms[fields][5]\" >\n\t\t<\/div>\n\t\t<div id=\"wpforms-15-field_6-container\" class=\"wpforms-field wpforms-field-select wpforms-field-select-style-classic\" data-field-id=\"6\"><label class=\"wpforms-field-label\" for=\"wpforms-15-field_6\">Competition <span class=\"wpforms-required-label\" aria-hidden=\"true\">*<\/span><\/label><select id=\"wpforms-15-field_6\" class=\"wpforms-field-medium wpforms-field-required\" name=\"wpforms[fields][6]\" required=\"required\"><option value=\"Vocal Competition\"  selected='selected' class=\"choice-1 depth-1\"  >Vocal Competition<\/option><option value=\"Instrumental Competition\"  class=\"choice-2 depth-1\"  >Instrumental Competition<\/option><option value=\"General Question\"  class=\"choice-3 depth-1\"  >General Question<\/option><\/select><\/div><script>\n\t\t\t\t( function() {\n\t\t\t\t\tconst style = document.createElement( 'style' );\n\t\t\t\t\tstyle.appendChild( document.createTextNode( '#wpforms-15-field_5-container { position: absolute !important; overflow: hidden !important; display: inline !important; height: 1px !important; width: 1px !important; z-index: -1000 !important; padding: 0 !important; } #wpforms-15-field_5-container input { visibility: hidden; } #wpforms-conversational-form-page #wpforms-15-field_5-container label { counter-increment: none; }' ) );\n\t\t\t\t\tdocument.head.appendChild( style );\n\t\t\t\t\tdocument.currentScript?.remove();\n\t\t\t\t} )();\n\t\t\t<\/script><\/div><!-- .wpforms-field-container --><div class=\"wpforms-submit-container\" ><input type=\"hidden\" name=\"wpforms[id]\" value=\"15\"><input type=\"hidden\" name=\"page_title\" value=\"\"><input type=\"hidden\" name=\"page_url\" value=\"https:\/\/tallinnvoice.ee\/et\/wp-json\/wp\/v2\/pages\/17\"><input type=\"hidden\" name=\"url_referer\" value=\"\"><button type=\"submit\" name=\"wpforms[submit]\" id=\"wpforms-submit-15\" class=\"wpforms-submit\" data-alt-text=\"Sending...\" data-submit-text=\"Send message\" aria-live=\"assertive\" value=\"wpforms-submit\">Send message<\/button><img loading=\"lazy\" decoding=\"async\" src=\"https:\/\/tallinnvoice.ee\/wp-content\/plugins\/wpforms-lite\/assets\/images\/submit-spin.svg\" class=\"wpforms-submit-spinner\" style=\"display: none;\" width=\"26\" height=\"26\" alt=\"Loading\"><\/div><\/form><\/div>  <!-- .wpforms-container -->\n<\/div><\/div>\n<\/div>\n\n\n\n<p class=\"has-text-align-center\">Tallinn Voice 2026 meeskond vastab hea meelega k\u00fcsimustele registreerimise, osalemise ja konkursi ajakava kohta.<\/p>\n\n\n\n<p class=\"has-text-align-center\">Rahvusvahelised osalejad, \u00f5petajad ja partnerid on oodatud meiega \u00fchendust v\u00f5tma.<\/p>\n","protected":false},"excerpt":{"rendered":"<p>Contact us Have questions about participation or registration?Our team will be happy to assist you. Tallinn Voice 2026 meeskond vastab hea meelega k\u00fcsimustele registreerimise, osalemise ja konkursi ajakava kohta. Rahvusvahelised osalejad, \u00f5petajad ja partnerid on oodatud meiega \u00fchendust v\u00f5tma.<\/p>","protected":false},"author":1,"featured_media":0,"parent":0,"menu_order":0,"comment_status":"closed","ping_status":"closed","template":"","meta":{"_eb_attr":"","_gspb_post_css":"","_monsterinsights_skip_tracking":false,"_monsterinsights_sitenote_active":false,"_monsterinsights_sitenote_note":"","_monsterinsights_sitenote_category":0,"footnotes":""},"class_list":["post-17","page","type-page","status-publish","hentry"],"blocksy_meta":[],"aioseo_notices":[],"_links":{"self":[{"href":"https:\/\/tallinnvoice.ee\/et\/wp-json\/wp\/v2\/pages\/17","targetHints":{"allow":["GET"]}}],"collection":[{"href":"https:\/\/tallinnvoice.ee\/et\/wp-json\/wp\/v2\/pages"}],"about":[{"href":"https:\/\/tallinnvoice.ee\/et\/wp-json\/wp\/v2\/types\/page"}],"author":[{"embeddable":true,"href":"https:\/\/tallinnvoice.ee\/et\/wp-json\/wp\/v2\/users\/1"}],"replies":[{"embeddable":true,"href":"https:\/\/tallinnvoice.ee\/et\/wp-json\/wp\/v2\/comments?post=17"}],"version-history":[{"count":10,"href":"https:\/\/tallinnvoice.ee\/et\/wp-json\/wp\/v2\/pages\/17\/revisions"}],"predecessor-version":[{"id":1498,"href":"https:\/\/tallinnvoice.ee\/et\/wp-json\/wp\/v2\/pages\/17\/revisions\/1498"}],"wp:attachment":[{"href":"https:\/\/tallinnvoice.ee\/et\/wp-json\/wp\/v2\/media?parent=17"}],"curies":[{"name":"wp","href":"https:\/\/api.w.org\/{rel}","templated":true}]}}