{"id":21,"date":"2026-03-01T21:39:12","date_gmt":"2026-03-01T21:39:12","guid":{"rendered":"https:\/\/tallinnvoice.ee\/about\/"},"modified":"2026-04-03T22:05:24","modified_gmt":"2026-04-03T22:05:24","slug":"about","status":"publish","type":"page","link":"https:\/\/tallinnvoice.ee\/et\/about\/","title":{"rendered":"MEIST"},"content":{"rendered":"<div class=\"wp-block-columns is-layout-flex wp-container-core-columns-is-layout-28f84493 wp-block-columns-is-layout-flex\">\n<div class=\"wp-block-column is-layout-flow wp-block-column-is-layout-flow\" style=\"flex-basis:66.66%\">\n<div class=\"wp-block-stackable-heading stk-block-heading stk-block-heading--v2 stk-block stk-772daef\" id=\"about-tallinn-voice-international-music-contest\" data-block-id=\"772daef\"><style>.stk-772daef .stk-block-heading__text{font-size:28px !important;color:var(--theme-palette-color-1, #C8A646) !important;}@media screen and (max-width:999px){.stk-772daef .stk-block-heading__text{font-size:28px !important;}}<\/style><h1 class=\"stk-block-heading__text has-text-color\">Tallinn Voice rahvusvahelisest muusikakonkursist<\/h1><\/div>\n\n\n\n<p>Tallinn Voice on rahvusvaheline muusikakonkurss, mis toob Tallinna s\u00fcdames kokku andekad esinejad igas vanuses ja erinevatest muusika\u017eanritest. Igal aastal tulevad osalejad paljudest riikidest, et jagada oma loomingulisust, saada professionaalset tunnustust ja esineda inspireerival rahvusvahelisel laval.<\/p>\n\n\n\n<p>Konkurss on avatud nii vokalistidele kui ka instrumentalistidele, pakkudes professionaalset \u00f5hkkonda, kogenud rahvusvahelist \u017e\u00fcriid ning unustamatut kunstilist kogemust. Tallinn Voice ei ole ainult konkurss, vaid ka talentide, kultuuri ja muusikalise \u00fchenduse pidu.<\/p>\n\n\n\n<ul style=\"font-size:12px\" class=\"wp-block-list\">\n<li style=\"font-size:clamp(14px, 0.875rem + ((1vw - 3.2px) * 0.078), 15px);\">Professionaalne lavakogemus<\/li>\n\n\n\n<li style=\"font-size:clamp(14px, 0.875rem + ((1vw - 3.2px) * 0.078), 15px);\">Vokaal ja instrumentaal<\/li>\n\n\n\n<li style=\"font-size:clamp(14px, 0.875rem + ((1vw - 3.2px) * 0.078), 15px);\">20+ riiki<\/li>\n\n\n\n<li style=\"font-size:clamp(14px, 0.875rem + ((1vw - 3.2px) * 0.078), 15px);\">Rahvusvaheline \u017e\u00fcrii<\/li>\n\n\n\n<li style=\"font-size:clamp(14px, 0.875rem + ((1vw - 3.2px) * 0.078), 15px);\">Rahalised auhinnad<\/li>\n<\/ul>\n<\/div>\n\n\n\n<div class=\"wp-block-column is-layout-flow wp-block-column-is-layout-flow\" style=\"flex-basis:40%\">\n<figure class=\"wp-block-image size-large is-resized has-custom-border\"><img loading=\"lazy\" decoding=\"async\" width=\"1414\" height=\"1885\" src=\"https:\/\/tallinnvoice.ee\/wp-content\/uploads\/2026\/03\/TallinnVoice26-edited.jpg\" alt=\"\" class=\"wp-image-1241\" style=\"border-width:5px;border-top-left-radius:10px;border-top-right-radius:10px;border-bottom-left-radius:10px;border-bottom-right-radius:10px;aspect-ratio:0.7501336755427227;object-fit:cover;width:281px;height:auto\" srcset=\"https:\/\/tallinnvoice.ee\/wp-content\/uploads\/2026\/03\/TallinnVoice26-edited.jpg 1414w, https:\/\/tallinnvoice.ee\/wp-content\/uploads\/2026\/03\/TallinnVoice26-edited-225x300.jpg 225w, https:\/\/tallinnvoice.ee\/wp-content\/uploads\/2026\/03\/TallinnVoice26-edited-768x1024.jpg 768w, https:\/\/tallinnvoice.ee\/wp-content\/uploads\/2026\/03\/TallinnVoice26-edited-1152x1536.jpg 1152w, https:\/\/tallinnvoice.ee\/wp-content\/uploads\/2026\/03\/TallinnVoice26-edited-9x12.jpg 9w\" sizes=\"auto, (max-width: 1414px) 100vw, 1414px\" \/><\/figure>\n<\/div>\n<\/div>\n\n\n\n<div class=\"wp-block-group is-layout-constrained wp-block-group-is-layout-constrained\">\n<div class=\"wp-block-stackable-heading stk-block-heading stk-block-heading--v2 stk-block stk-9bd7a6d\" id=\"our-mission\" data-block-id=\"9bd7a6d\"><style>.stk-9bd7a6d .stk-block-heading__text{font-size:28px !important;color:var(--theme-palette-color-1, #C8A646) !important;}@media screen and (max-width:999px){.stk-9bd7a6d .stk-block-heading__text{font-size:28px !important;}}<\/style><h1 class=\"stk-block-heading__text has-text-color\">Meie missioon<\/h1><\/div>\n\n\n\n<p>TALLINN VOICE konkursside missioon on inspireerida kunstilist arengut, kultuuridevahelist dialoogi ja professionaalset arengut.<\/p>\n\n\n\n<div class=\"wp-block-stackable-heading stk-block-heading stk-block-heading--v2 stk-block stk-8a58811\" id=\"why-tallinn\" data-block-id=\"8a58811\"><style>.stk-8a58811 .stk-block-heading__text{font-size:28px !important;color:var(--theme-palette-color-1, #C8A646) !important;}@media screen and (max-width:999px){.stk-8a58811 .stk-block-heading__text{font-size:28px !important;}}<\/style><h1 class=\"stk-block-heading__text has-text-color\">Miks Tallinn<\/h1><\/div>\n\n\n\n<p>Tallinna ajaloolises linnas toimuv s\u00fcndmus \u00fchendab k\u00f5rged kunstilised standardid Eesti kultuuripealinna ainulaadse atmosf\u00e4\u00e4riga.<\/p>\n\n\n\n<div class=\"wp-block-stackable-heading stk-block-heading stk-block-heading--v2 stk-block stk-ba5a92b\" id=\"future-vision\" data-block-id=\"ba5a92b\"><style>.stk-ba5a92b .stk-block-heading__text{font-size:28px !important;color:var(--theme-palette-color-1, #C8A646) !important;}@media screen and (max-width:999px){.stk-ba5a92b .stk-block-heading__text{font-size:28px !important;}}<\/style><h1 class=\"stk-block-heading__text has-text-color\">Tulevikuvisioon<\/h1><\/div>\n\n\n\n<p>Konkurss laiendab j\u00e4tkuvalt oma rahvusvahelist haaret, tervitades osalejaid, professoreid ja \u017e\u00fcriiliikmeid Euroopast ja kaugemalt.<\/p>\n<\/div>\n\n\n\n<div class=\"wp-block-stackable-icon-list stk-block-icon-list stk-block stk-a260c6e\" data-block-id=\"a260c6e\"><svg style=\"display:none\"><defs><g id=\"stk-icon-list__icon-svg-def-a260c6e\"><svg xmlns=\"http:\/\/www.w3.org\/2000\/svg\" viewbox=\"0 0 190 190\"><polygon points=\"173.8,28.4 60.4,141.8 15.7,97.2 5.1,107.8 60.4,163 184.4,39 173.8,28.4\"\/><\/svg><\/g><\/defs><\/svg><ul class=\"stk-block-icon-list__ul stk-block-icon-list--column\">\n<li class=\"wp-block-stackable-icon-list-item stk-block-icon-list-item stk-block stk-aecafc2\" data-block-id=\"aecafc2\"><div class=\"stk-block-icon-list-item__content\"><span class=\"stk--svg-wrapper\"><div class=\"stk--inner-svg\"><svg aria-hidden=\"true\" width=\"32\" height=\"32\"><use xlink:href=\"#stk-icon-list__icon-svg-def-a260c6e\"><\/use><\/svg><\/div><\/span><span class=\"stk-block-icon-list-item__text\"><\/span><\/div><\/li>\n<\/ul><\/div>\n\n\n\n<div class=\"wp-block-group is-layout-constrained wp-block-group-is-layout-constrained\">\n<div class=\"wp-block-stackable-heading stk-block-heading stk-block-heading--v2 stk-block stk-858136c\" id=\"strong-organizers-of-tallinn-voice-strong\" data-block-id=\"858136c\"><style>.stk-858136c .stk-block-heading__text{color:var(--theme-palette-color-1, #C8A646) !important;text-transform:uppercase !important;letter-spacing:1px !important;}<\/style><h2 class=\"stk-block-heading__text has-text-color has-text-align-center\"><strong>Tallinn Voice korraldajad<\/strong><\/h2><\/div>\n\n\n\n<div class=\"wp-block-stackable-columns stk-block-columns stk-block stk-c686c01\" data-block-id=\"c686c01\"><div class=\"stk-row stk-inner-blocks stk-block-content stk-content-align stk-c686c01-column\">\n<div class=\"wp-block-stackable-column stk-block-column stk-column stk-block stk-d4787df\" data-v=\"4\" data-block-id=\"d4787df\"><div class=\"stk-column-wrapper stk-block-column__content stk-container stk-d4787df-container stk--no-background stk--no-padding\"><div class=\"has-text-align-center stk-block-content stk-inner-blocks stk-d4787df-inner-blocks\">\n<div class=\"wp-block-group jury-card is-layout-constrained wp-block-group-is-layout-constrained\" style=\"margin-bottom:30px\">\n<figure class=\"wp-block-image size-full is-resized is-style-default\" style=\"margin-bottom:6px\"><img loading=\"lazy\" decoding=\"async\" width=\"1092\" height=\"1092\" src=\"https:\/\/tallinnvoice.ee\/wp-content\/uploads\/2026\/03\/\u0421\u043d\u0438\u043c\u043e\u043a-\u044d\u043a\u0440\u0430\u043d\u0430-2026-03-21-\u0432-14.19.18-edited.png\" alt=\"\" class=\"wp-image-1246\" style=\"aspect-ratio:3\/4;object-fit:cover;width:433px;height:auto\" srcset=\"https:\/\/tallinnvoice.ee\/wp-content\/uploads\/2026\/03\/\u0421\u043d\u0438\u043c\u043e\u043a-\u044d\u043a\u0440\u0430\u043d\u0430-2026-03-21-\u0432-14.19.18-edited.png 1092w, https:\/\/tallinnvoice.ee\/wp-content\/uploads\/2026\/03\/\u0421\u043d\u0438\u043c\u043e\u043a-\u044d\u043a\u0440\u0430\u043d\u0430-2026-03-21-\u0432-14.19.18-edited-300x300.png 300w, https:\/\/tallinnvoice.ee\/wp-content\/uploads\/2026\/03\/\u0421\u043d\u0438\u043c\u043e\u043a-\u044d\u043a\u0440\u0430\u043d\u0430-2026-03-21-\u0432-14.19.18-edited-1024x1024.png 1024w, https:\/\/tallinnvoice.ee\/wp-content\/uploads\/2026\/03\/\u0421\u043d\u0438\u043c\u043e\u043a-\u044d\u043a\u0440\u0430\u043d\u0430-2026-03-21-\u0432-14.19.18-edited-150x150.png 150w, https:\/\/tallinnvoice.ee\/wp-content\/uploads\/2026\/03\/\u0421\u043d\u0438\u043c\u043e\u043a-\u044d\u043a\u0440\u0430\u043d\u0430-2026-03-21-\u0432-14.19.18-edited-768x768.png 768w, https:\/\/tallinnvoice.ee\/wp-content\/uploads\/2026\/03\/\u0421\u043d\u0438\u043c\u043e\u043a-\u044d\u043a\u0440\u0430\u043d\u0430-2026-03-21-\u0432-14.19.18-edited-12x12.png 12w\" sizes=\"auto, (max-width: 1092px) 100vw, 1092px\" \/><\/figure>\n\n\n\n<div class=\"wp-block-group jury-meta is-layout-constrained wp-block-group-is-layout-constrained\">\n<p class=\"jury-country estonia has-palette-color-6-color has-text-color has-link-color wp-elements-168df37782972741d5babf27791f1bd0\" style=\"font-size:14px;font-style:normal;font-weight:500;letter-spacing:2px;text-transform:uppercase\">estonia<\/p>\n\n\n\n<h4 class=\"wp-block-heading has-text-align-center jury-name has-palette-color-1-color has-text-color has-link-color wp-elements-ffd83307c4c30bba5ede9121ddbf6ebc\" id=\"elena-savtsuk\" style=\"font-size:clamp(17.905px, 1.119rem + ((1vw - 3.2px) * 0.789), 28px);font-style:normal;font-weight:700;letter-spacing:0.5px;line-height:1.2;text-transform:capitalize\">elena savt\u0161uk<\/h4>\n<\/div>\n\n\n\n<div class=\"wp-block-group jury-overlay is-layout-constrained wp-block-group-is-layout-constrained\">\n<p class=\"jury-bio\" style=\"font-size:clamp(14px, 0.875rem + ((1vw - 3.2px) * 0.078), 15px);line-height:1.45\">Laulja, professionaalne vokaalpedagoog ja \u00fcle 20-aastase kogemusega muusika\u00f5petaja. Vokaalstuudio DeLight peadirektor.\n\nTema \u00f5pilased on esindanud Sanremo Juniori Itaalias, osalenud saates Voice Kids ning paljudel rahvusvahelistel konkurssidel.\n\nRahvusvahelise muusikakonkursi Tallinn Voice direktor, WAPA Eesti sektsiooni president ning paljude vokaalkonkursside \u017e\u00fcriiliige.<\/p>\n<\/div>\n<\/div>\n<\/div><\/div><\/div>\n\n\n\n<div class=\"wp-block-stackable-column stk-block-column stk-column stk-block stk-4c4049a\" data-v=\"4\" data-block-id=\"4c4049a\"><div class=\"stk-column-wrapper stk-block-column__content stk-container stk-4c4049a-container stk--no-background stk--no-padding\"><div class=\"has-text-align-center stk-block-content stk-inner-blocks stk-4c4049a-inner-blocks\">\n<div class=\"wp-block-group jury-card is-layout-constrained wp-block-group-is-layout-constrained\" style=\"margin-bottom:30px\">\n<figure class=\"wp-block-image size-full is-resized is-style-default\" style=\"margin-bottom:6px\"><img loading=\"lazy\" decoding=\"async\" width=\"433\" height=\"577\" src=\"https:\/\/tallinnvoice.ee\/wp-content\/uploads\/2026\/04\/IMG_0680-2.jpeg\" alt=\"\" class=\"wp-image-1422\" style=\"aspect-ratio:3\/4;object-fit:cover;width:433px;height:auto\" srcset=\"https:\/\/tallinnvoice.ee\/wp-content\/uploads\/2026\/04\/IMG_0680-2.jpeg 433w, https:\/\/tallinnvoice.ee\/wp-content\/uploads\/2026\/04\/IMG_0680-2-225x300.jpeg 225w, https:\/\/tallinnvoice.ee\/wp-content\/uploads\/2026\/04\/IMG_0680-2-9x12.jpeg 9w\" sizes=\"auto, (max-width: 433px) 100vw, 433px\" \/><\/figure>\n\n\n\n<div class=\"wp-block-group jury-meta is-layout-constrained wp-block-group-is-layout-constrained\">\n<p class=\"jury-country estonia has-palette-color-6-color has-text-color has-link-color wp-elements-168df37782972741d5babf27791f1bd0\" style=\"font-size:14px;font-style:normal;font-weight:500;letter-spacing:2px;text-transform:uppercase\">estonia<\/p>\n\n\n\n<h4 class=\"wp-block-heading has-text-align-center jury-name has-palette-color-1-color has-text-color has-link-color wp-elements-b22bad66a58e4631a8386679d899c75b\" id=\"elena-savtsuk\" style=\"font-size:clamp(17.905px, 1.119rem + ((1vw - 3.2px) * 0.789), 28px);font-style:normal;font-weight:700;letter-spacing:0.5px;line-height:1.2;text-transform:capitalize\">elena Pimenova<\/h4>\n<\/div>\n\n\n\n<div class=\"wp-block-group jury-overlay is-layout-constrained wp-block-group-is-layout-constrained\">\n<p class=\"jury-bio\" style=\"font-size:clamp(14px, 0.875rem + ((1vw - 3.2px) * 0.078), 15px);line-height:1.45\">Produtsent, ajakirjanik, raadiosaatejuht, elu- ja talendicoach ning kultuuri\u00fcrituste korraldaja. Agentuuri Luxstyle asutaja ja rahvusvahelise muusikakonkursi Tallinn Voice direktor.<\/p>\n<\/div>\n<\/div>\n<\/div><\/div><\/div>\n<\/div><\/div>\n\n\n\n<div class=\"wp-block-stackable-heading stk-block-heading stk-block-heading--v2 stk-block stk-f1576c9\" id=\"strong-partners-of-tallinn-voice-strong\" data-block-id=\"f1576c9\"><style>.stk-f1576c9 .stk-block-heading__text{color:var(--theme-palette-color-1, #C8A646) !important;text-transform:uppercase !important;letter-spacing:1px !important;}<\/style><h2 class=\"stk-block-heading__text has-text-color has-text-align-center\"><strong>Tallinn Voice partnerid<\/strong><\/h2><\/div>\n<\/div>\n\n\n\n<p class=\"has-text-align-center\" style=\"font-size:clamp(15.747px, 0.984rem + ((1vw - 3.2px) * 0.645), 24px);\">Tallinn Voice kutsub partnereid ja sponsoreid toetama rahvusvahelist muusikakonkurssi Tallinnas.<\/p>","protected":false},"excerpt":{"rendered":"<p>About Tallinn Voice International Music Contest Tallinn Voice is an international music competition that brings together talented performers of all ages and musical genres in the heart of Tallinn, Estonia. Each year, participants from many countries come together to share their artistry, gain professional recognition, and perform on an inspiring international stage. The contest welcomes [&hellip;]<\/p>\n","protected":false},"author":1,"featured_media":0,"parent":0,"menu_order":0,"comment_status":"closed","ping_status":"closed","template":"","meta":{"_eb_attr":"","_gspb_post_css":"","_monsterinsights_skip_tracking":false,"_monsterinsights_sitenote_active":false,"_monsterinsights_sitenote_note":"","_monsterinsights_sitenote_category":0,"footnotes":""},"class_list":["post-21","page","type-page","status-publish","hentry"],"blocksy_meta":[],"aioseo_notices":[],"_links":{"self":[{"href":"https:\/\/tallinnvoice.ee\/et\/wp-json\/wp\/v2\/pages\/21","targetHints":{"allow":["GET"]}}],"collection":[{"href":"https:\/\/tallinnvoice.ee\/et\/wp-json\/wp\/v2\/pages"}],"about":[{"href":"https:\/\/tallinnvoice.ee\/et\/wp-json\/wp\/v2\/types\/page"}],"author":[{"embeddable":true,"href":"https:\/\/tallinnvoice.ee\/et\/wp-json\/wp\/v2\/users\/1"}],"replies":[{"embeddable":true,"href":"https:\/\/tallinnvoice.ee\/et\/wp-json\/wp\/v2\/comments?post=21"}],"version-history":[{"count":34,"href":"https:\/\/tallinnvoice.ee\/et\/wp-json\/wp\/v2\/pages\/21\/revisions"}],"predecessor-version":[{"id":1482,"href":"https:\/\/tallinnvoice.ee\/et\/wp-json\/wp\/v2\/pages\/21\/revisions\/1482"}],"wp:attachment":[{"href":"https:\/\/tallinnvoice.ee\/et\/wp-json\/wp\/v2\/media?parent=21"}],"curies":[{"name":"wp","href":"https:\/\/api.w.org\/{rel}","templated":true}]}}