{"id":490,"date":"2026-03-07T08:14:52","date_gmt":"2026-03-07T08:14:52","guid":{"rendered":"https:\/\/tallinnvoice.ee\/?page_id=490"},"modified":"2026-04-03T09:19:59","modified_gmt":"2026-04-03T09:19:59","slug":"results","status":"publish","type":"page","link":"https:\/\/tallinnvoice.ee\/et\/results\/","title":{"rendered":"TULEMUSED"},"content":{"rendered":"<h1 class=\"wp-block-heading has-text-align-center has-palette-color-3-color has-text-color has-link-color wp-elements-a195dd99890b0cf43ec58251e48450e5\" id=\"the-jury-of-the-tallinn-voice-2025-has-chosen-winners\" style=\"font-size:clamp(20px, 1.25rem + ((1vw - 3.2px) * 0.938), 32px);text-transform:uppercase\">Tallinn Voice 2025 \u017e\u00fcrii kuulutas v\u00e4lja v\u00f5itjad<\/h1>\n\n\n\n<div class=\"wp-block-group is-layout-constrained wp-container-core-group-is-layout-e13bd636 wp-block-group-is-layout-constrained\" style=\"padding-right:var(--wp--preset--spacing--30);padding-left:var(--wp--preset--spacing--30)\">\n<h5 class=\"wp-block-heading has-text-align-center has-palette-color-1-color has-text-color has-link-color wp-elements-78da4bc68d7a6617a4849940216e06a2\" id=\"mini-grand-prix\">MINI GRAND PRIX<\/h5>\n\n\n\n<div class=\"wp-block-columns is-layout-flex wp-container-core-columns-is-layout-28f84493 wp-block-columns-is-layout-flex\">\n<div class=\"wp-block-column is-layout-flow wp-block-column-is-layout-flow\">\n<figure class=\"wp-block-image aligncenter size-large is-resized\"><img loading=\"lazy\" decoding=\"async\" width=\"1024\" height=\"1024\" src=\"https:\/\/tallinnvoice.ee\/wp-content\/uploads\/2026\/03\/akvile25-1024x1024.jpg\" alt=\"\" class=\"wp-image-564\" style=\"width:251px;height:auto\" srcset=\"https:\/\/tallinnvoice.ee\/wp-content\/uploads\/2026\/03\/akvile25-1024x1024.jpg 1024w, https:\/\/tallinnvoice.ee\/wp-content\/uploads\/2026\/03\/akvile25-300x300.jpg 300w, https:\/\/tallinnvoice.ee\/wp-content\/uploads\/2026\/03\/akvile25-150x150.jpg 150w, https:\/\/tallinnvoice.ee\/wp-content\/uploads\/2026\/03\/akvile25-768x768.jpg 768w, https:\/\/tallinnvoice.ee\/wp-content\/uploads\/2026\/03\/akvile25-12x12.jpg 12w, https:\/\/tallinnvoice.ee\/wp-content\/uploads\/2026\/03\/akvile25.jpg 1080w\" sizes=\"auto, (max-width: 1024px) 100vw, 1024px\" \/><\/figure>\n<\/div>\n\n\n\n<div class=\"wp-block-column is-layout-flow wp-block-column-is-layout-flow\">\n<figure class=\"wp-block-video alignleft\"><video height=\"1080\" style=\"aspect-ratio: 1920 \/ 1080;\" width=\"1920\" controls src=\"https:\/\/tallinnvoice.ee\/wp-content\/uploads\/2026\/03\/miniGrand.mp4\"><\/video><\/figure>\n<\/div>\n<\/div>\n<\/div>\n\n\n\n<div class=\"wp-block-group is-layout-constrained wp-container-core-group-is-layout-e13bd636 wp-block-group-is-layout-constrained\" style=\"padding-right:var(--wp--preset--spacing--30);padding-left:var(--wp--preset--spacing--30)\">\n<h5 class=\"wp-block-heading has-text-align-center has-palette-color-1-color has-text-color has-link-color wp-elements-3dbf8a326b12c3c39678124374843ebb\" id=\"junior-grand-prix\">JUNIOR GRAND PRIX<\/h5>\n\n\n\n<div class=\"wp-block-columns is-layout-flex wp-container-core-columns-is-layout-28f84493 wp-block-columns-is-layout-flex\">\n<div class=\"wp-block-column is-layout-flow wp-block-column-is-layout-flow\">\n<figure class=\"wp-block-image aligncenter size-large is-resized\"><img loading=\"lazy\" decoding=\"async\" width=\"1024\" height=\"1024\" src=\"https:\/\/tallinnvoice.ee\/wp-content\/uploads\/2026\/03\/win25-1024x1024.jpg\" alt=\"\" class=\"wp-image-1141\" style=\"width:252px;height:auto\" srcset=\"https:\/\/tallinnvoice.ee\/wp-content\/uploads\/2026\/03\/win25-1024x1024.jpg 1024w, https:\/\/tallinnvoice.ee\/wp-content\/uploads\/2026\/03\/win25-300x300.jpg 300w, https:\/\/tallinnvoice.ee\/wp-content\/uploads\/2026\/03\/win25-150x150.jpg 150w, https:\/\/tallinnvoice.ee\/wp-content\/uploads\/2026\/03\/win25-768x768.jpg 768w, https:\/\/tallinnvoice.ee\/wp-content\/uploads\/2026\/03\/win25-12x12.jpg 12w, https:\/\/tallinnvoice.ee\/wp-content\/uploads\/2026\/03\/win25.jpg 1080w\" sizes=\"auto, (max-width: 1024px) 100vw, 1024px\" \/><\/figure>\n<\/div>\n\n\n\n<div class=\"wp-block-column is-layout-flow wp-block-column-is-layout-flow\">\n<figure class=\"wp-block-video\"><video height=\"1080\" style=\"aspect-ratio: 1920 \/ 1080;\" width=\"1920\" controls src=\"https:\/\/tallinnvoice.ee\/wp-content\/uploads\/2026\/03\/JuniorGrand.mp4\"><\/video><\/figure>\n<\/div>\n<\/div>\n<\/div>\n\n\n\n<div class=\"wp-block-group is-layout-constrained wp-container-core-group-is-layout-e13bd636 wp-block-group-is-layout-constrained\" style=\"padding-right:var(--wp--preset--spacing--30);padding-left:var(--wp--preset--spacing--30)\">\n<h5 class=\"wp-block-heading has-text-align-center has-palette-color-1-color has-text-color has-link-color wp-elements-b17f6974ae0803bf1c18bfd23c82e958\" id=\"big-grand-prix\">BIG GRAND PRIX<\/h5>\n\n\n\n<div class=\"wp-block-columns is-layout-flex wp-container-core-columns-is-layout-28f84493 wp-block-columns-is-layout-flex\">\n<div class=\"wp-block-column is-layout-flow wp-block-column-is-layout-flow\">\n<figure class=\"wp-block-image aligncenter size-large is-resized\"><img loading=\"lazy\" decoding=\"async\" width=\"1024\" height=\"1024\" src=\"https:\/\/tallinnvoice.ee\/wp-content\/uploads\/2026\/03\/emilija251-1024x1024.jpg\" alt=\"\" class=\"wp-image-1143\" style=\"width:249px;height:auto\" srcset=\"https:\/\/tallinnvoice.ee\/wp-content\/uploads\/2026\/03\/emilija251-1024x1024.jpg 1024w, https:\/\/tallinnvoice.ee\/wp-content\/uploads\/2026\/03\/emilija251-300x300.jpg 300w, https:\/\/tallinnvoice.ee\/wp-content\/uploads\/2026\/03\/emilija251-150x150.jpg 150w, https:\/\/tallinnvoice.ee\/wp-content\/uploads\/2026\/03\/emilija251-768x768.jpg 768w, https:\/\/tallinnvoice.ee\/wp-content\/uploads\/2026\/03\/emilija251-12x12.jpg 12w, https:\/\/tallinnvoice.ee\/wp-content\/uploads\/2026\/03\/emilija251.jpg 1080w\" sizes=\"auto, (max-width: 1024px) 100vw, 1024px\" \/><\/figure>\n<\/div>\n\n\n\n<div class=\"wp-block-column is-layout-flow wp-block-column-is-layout-flow\">\n<figure class=\"wp-block-video\"><video height=\"720\" style=\"aspect-ratio: 1280 \/ 720;\" width=\"1280\" controls src=\"https:\/\/tallinnvoice.ee\/wp-content\/uploads\/2026\/03\/Emilija25.mp4\"><\/video><\/figure>\n<\/div>\n<\/div>\n<\/div>\n\n\n\n<div class=\"wp-block-group is-layout-constrained wp-container-core-group-is-layout-e13bd636 wp-block-group-is-layout-constrained\" style=\"padding-right:var(--wp--preset--spacing--30);padding-left:var(--wp--preset--spacing--30)\">\n<h5 class=\"wp-block-heading has-text-align-center has-palette-color-1-color has-text-color has-link-color wp-elements-1c79508225c026fdc1dfaf0a97189602\" id=\"best-encemble\">BEST ENCEMBLE<\/h5>\n\n\n\n<div class=\"wp-block-columns is-layout-flex wp-container-core-columns-is-layout-28f84493 wp-block-columns-is-layout-flex\">\n<div class=\"wp-block-column is-layout-flow wp-block-column-is-layout-flow\">\n<figure class=\"wp-block-image aligncenter size-large is-resized\"><img loading=\"lazy\" decoding=\"async\" width=\"1024\" height=\"1024\" src=\"https:\/\/tallinnvoice.ee\/wp-content\/uploads\/2026\/03\/mare251-1024x1024.jpg\" alt=\"\" class=\"wp-image-1145\" style=\"width:248px;height:auto\" srcset=\"https:\/\/tallinnvoice.ee\/wp-content\/uploads\/2026\/03\/mare251-1024x1024.jpg 1024w, https:\/\/tallinnvoice.ee\/wp-content\/uploads\/2026\/03\/mare251-300x300.jpg 300w, https:\/\/tallinnvoice.ee\/wp-content\/uploads\/2026\/03\/mare251-150x150.jpg 150w, https:\/\/tallinnvoice.ee\/wp-content\/uploads\/2026\/03\/mare251-768x768.jpg 768w, https:\/\/tallinnvoice.ee\/wp-content\/uploads\/2026\/03\/mare251-12x12.jpg 12w, https:\/\/tallinnvoice.ee\/wp-content\/uploads\/2026\/03\/mare251.jpg 1080w\" sizes=\"auto, (max-width: 1024px) 100vw, 1024px\" \/><\/figure>\n<\/div>\n\n\n\n<div class=\"wp-block-column is-layout-flow wp-block-column-is-layout-flow\">\n<figure class=\"wp-block-video\"><video height=\"720\" style=\"aspect-ratio: 1280 \/ 720;\" width=\"1280\" controls src=\"https:\/\/tallinnvoice.ee\/wp-content\/uploads\/2026\/03\/mare25.mp4\"><\/video><\/figure>\n<\/div>\n<\/div>\n<\/div>\n\n\n\n<div class=\"wp-block-group is-layout-constrained wp-container-core-group-is-layout-e13bd636 wp-block-group-is-layout-constrained\" style=\"padding-right:var(--wp--preset--spacing--30);padding-left:var(--wp--preset--spacing--30)\">\n<h5 class=\"wp-block-heading has-text-align-center has-palette-color-1-color has-text-color has-link-color wp-elements-04ea7dbf938f01ac44a17de9ce7aa7e9\" id=\"instrumental-grand-prix\">INSTRUMENTAL GRAND PRIX<\/h5>\n\n\n\n<div class=\"wp-block-columns is-layout-flex wp-container-core-columns-is-layout-28f84493 wp-block-columns-is-layout-flex\">\n<div class=\"wp-block-column is-layout-flow wp-block-column-is-layout-flow\">\n<figure class=\"wp-block-image aligncenter size-large is-resized\"><img loading=\"lazy\" decoding=\"async\" width=\"1024\" height=\"1024\" src=\"https:\/\/tallinnvoice.ee\/wp-content\/uploads\/2026\/03\/ula25-1024x1024.jpg\" alt=\"\" class=\"wp-image-1146\" style=\"width:248px;height:auto\" srcset=\"https:\/\/tallinnvoice.ee\/wp-content\/uploads\/2026\/03\/ula25-1024x1024.jpg 1024w, https:\/\/tallinnvoice.ee\/wp-content\/uploads\/2026\/03\/ula25-300x300.jpg 300w, https:\/\/tallinnvoice.ee\/wp-content\/uploads\/2026\/03\/ula25-150x150.jpg 150w, https:\/\/tallinnvoice.ee\/wp-content\/uploads\/2026\/03\/ula25-768x768.jpg 768w, https:\/\/tallinnvoice.ee\/wp-content\/uploads\/2026\/03\/ula25-12x12.jpg 12w, https:\/\/tallinnvoice.ee\/wp-content\/uploads\/2026\/03\/ula25.jpg 1080w\" sizes=\"auto, (max-width: 1024px) 100vw, 1024px\" \/><\/figure>\n<\/div>\n\n\n\n<div class=\"wp-block-column is-layout-flow wp-block-column-is-layout-flow\">\n<figure class=\"wp-block-video\"><video height=\"720\" style=\"aspect-ratio: 1280 \/ 720;\" width=\"1280\" controls src=\"https:\/\/tallinnvoice.ee\/wp-content\/uploads\/2026\/03\/Kaneli25.mp4\"><\/video><\/figure>\n<\/div>\n<\/div>\n<\/div>\n\n\n\n<div class=\"wp-block-columns is-layout-flex wp-container-core-columns-is-layout-28f84493 wp-block-columns-is-layout-flex\">\n<div class=\"wp-block-column is-layout-flow wp-block-column-is-layout-flow\">\n<figure class=\"wp-block-embed is-type-video is-provider-youtube wp-block-embed-youtube wp-embed-aspect-16-9 wp-has-aspect-ratio\"><div class=\"wp-block-embed__wrapper\">\n<iframe loading=\"lazy\" title=\"International Music Contest Tallinn Voice 2025\" width=\"1290\" height=\"726\" src=\"https:\/\/www.youtube.com\/embed\/_LWvsCy0wfk?feature=oembed\" frameborder=\"0\" allow=\"accelerometer; autoplay; clipboard-write; encrypted-media; gyroscope; picture-in-picture; web-share\" referrerpolicy=\"strict-origin-when-cross-origin\" allowfullscreen><\/iframe>\n<\/div><\/figure>\n<\/div>\n\n\n\n<div class=\"wp-block-column is-layout-flow wp-block-column-is-layout-flow\">\n<figure class=\"wp-block-embed is-type-video is-provider-youtube wp-block-embed-youtube wp-embed-aspect-16-9 wp-has-aspect-ratio\"><div class=\"wp-block-embed__wrapper\">\n<iframe loading=\"lazy\" title=\"International Music Contest Tallinn Voice 2025 Children&#039;s song\" width=\"1290\" height=\"726\" src=\"https:\/\/www.youtube.com\/embed\/O1aVAl3ndeQ?feature=oembed\" frameborder=\"0\" allow=\"accelerometer; autoplay; clipboard-write; encrypted-media; gyroscope; picture-in-picture; web-share\" referrerpolicy=\"strict-origin-when-cross-origin\" allowfullscreen><\/iframe>\n<\/div><\/figure>\n<\/div>\n\n\n\n<div class=\"wp-block-column is-layout-flow wp-block-column-is-layout-flow\">\n<figure class=\"wp-block-embed is-type-video is-provider-youtube wp-block-embed-youtube wp-embed-aspect-16-9 wp-has-aspect-ratio\"><div class=\"wp-block-embed__wrapper\">\n<iframe loading=\"lazy\" title=\"IV International Music Contest Tallinn Voice 2025 - Pop&amp;Jazz Song\" width=\"1290\" height=\"726\" src=\"https:\/\/www.youtube.com\/embed\/O_SrIuXtiyA?feature=oembed\" frameborder=\"0\" allow=\"accelerometer; autoplay; clipboard-write; encrypted-media; gyroscope; picture-in-picture; web-share\" referrerpolicy=\"strict-origin-when-cross-origin\" allowfullscreen><\/iframe>\n<\/div><\/figure>\n<\/div>\n\n\n\n<div class=\"wp-block-column is-layout-flow wp-block-column-is-layout-flow\">\n<figure class=\"wp-block-embed is-type-video is-provider-youtube wp-block-embed-youtube wp-embed-aspect-16-9 wp-has-aspect-ratio\"><div class=\"wp-block-embed__wrapper\">\n<iframe loading=\"lazy\" title=\"International Music Contest Tallinn Voice 2025 - Author Song\" width=\"1290\" height=\"726\" src=\"https:\/\/www.youtube.com\/embed\/D3Ko0UP3Y_4?feature=oembed\" frameborder=\"0\" allow=\"accelerometer; autoplay; clipboard-write; encrypted-media; gyroscope; picture-in-picture; web-share\" referrerpolicy=\"strict-origin-when-cross-origin\" allowfullscreen><\/iframe>\n<\/div><\/figure>\n<\/div>\n<\/div>\n\n\n\n<div class=\"wp-block-columns is-layout-flex wp-container-core-columns-is-layout-28f84493 wp-block-columns-is-layout-flex\">\n<div class=\"wp-block-column is-layout-flow wp-block-column-is-layout-flow\">\n<figure class=\"wp-block-embed is-type-video is-provider-youtube wp-block-embed-youtube wp-embed-aspect-16-9 wp-has-aspect-ratio\"><div class=\"wp-block-embed__wrapper\">\n<iframe loading=\"lazy\" title=\"International Music Contest Tallinn Voice 2025 - World Hit\" width=\"1290\" height=\"726\" src=\"https:\/\/www.youtube.com\/embed\/EuJbyjGueXs?feature=oembed\" frameborder=\"0\" allow=\"accelerometer; autoplay; clipboard-write; encrypted-media; gyroscope; picture-in-picture; web-share\" referrerpolicy=\"strict-origin-when-cross-origin\" allowfullscreen><\/iframe>\n<\/div><\/figure>\n<\/div>\n\n\n\n<div class=\"wp-block-column is-layout-flow wp-block-column-is-layout-flow\">\n<figure class=\"wp-block-embed is-type-video is-provider-youtube wp-block-embed-youtube wp-embed-aspect-16-9 wp-has-aspect-ratio\"><div class=\"wp-block-embed__wrapper\">\n<iframe loading=\"lazy\" title=\"International Music Contest Tallinn Voice  - Native&amp;Folk song\" width=\"1290\" height=\"726\" src=\"https:\/\/www.youtube.com\/embed\/kRXQ4CO9Fb0?feature=oembed\" frameborder=\"0\" allow=\"accelerometer; autoplay; clipboard-write; encrypted-media; gyroscope; picture-in-picture; web-share\" referrerpolicy=\"strict-origin-when-cross-origin\" allowfullscreen><\/iframe>\n<\/div><\/figure>\n<\/div>\n\n\n\n<div class=\"wp-block-column is-layout-flow wp-block-column-is-layout-flow\">\n<figure class=\"wp-block-embed is-type-video is-provider-youtube wp-block-embed-youtube wp-embed-aspect-16-9 wp-has-aspect-ratio\"><div class=\"wp-block-embed__wrapper\">\n<iframe loading=\"lazy\" title=\"International Music Contest Tallinn Voice 2025 - Movie&amp;musical\" width=\"1290\" height=\"726\" src=\"https:\/\/www.youtube.com\/embed\/0mh2FY6geCA?feature=oembed\" frameborder=\"0\" allow=\"accelerometer; autoplay; clipboard-write; encrypted-media; gyroscope; picture-in-picture; web-share\" referrerpolicy=\"strict-origin-when-cross-origin\" allowfullscreen><\/iframe>\n<\/div><\/figure>\n<\/div>\n\n\n\n<div class=\"wp-block-column is-layout-flow wp-block-column-is-layout-flow\">\n<figure class=\"wp-block-embed is-type-video is-provider-youtube wp-block-embed-youtube wp-embed-aspect-16-9 wp-has-aspect-ratio\"><div class=\"wp-block-embed__wrapper\">\n<iframe loading=\"lazy\" title=\"International Music Contest Tallinn Voice 2025 - Ensembles\" width=\"1290\" height=\"726\" src=\"https:\/\/www.youtube.com\/embed\/Hj-LROr67-o?feature=oembed\" frameborder=\"0\" allow=\"accelerometer; autoplay; clipboard-write; encrypted-media; gyroscope; picture-in-picture; web-share\" referrerpolicy=\"strict-origin-when-cross-origin\" allowfullscreen><\/iframe>\n<\/div><\/figure>\n<\/div>\n<\/div>","protected":false},"excerpt":{"rendered":"<p>The Jury of the Tallinn Voice 2025 has chosen Winners MINI GRAND PRIX JUNIOR GRAND PRIX BIG GRAND PRIX BEST ENCEMBLE INSTRUMENTAL GRAND PRIX<\/p>","protected":false},"author":1,"featured_media":0,"parent":0,"menu_order":0,"comment_status":"closed","ping_status":"closed","template":"","meta":{"_eb_attr":"","_gspb_post_css":"","_monsterinsights_skip_tracking":false,"_monsterinsights_sitenote_active":false,"_monsterinsights_sitenote_note":"","_monsterinsights_sitenote_category":0,"footnotes":""},"class_list":["post-490","page","type-page","status-publish","hentry"],"blocksy_meta":[],"aioseo_notices":[],"_links":{"self":[{"href":"https:\/\/tallinnvoice.ee\/et\/wp-json\/wp\/v2\/pages\/490","targetHints":{"allow":["GET"]}}],"collection":[{"href":"https:\/\/tallinnvoice.ee\/et\/wp-json\/wp\/v2\/pages"}],"about":[{"href":"https:\/\/tallinnvoice.ee\/et\/wp-json\/wp\/v2\/types\/page"}],"author":[{"embeddable":true,"href":"https:\/\/tallinnvoice.ee\/et\/wp-json\/wp\/v2\/users\/1"}],"replies":[{"embeddable":true,"href":"https:\/\/tallinnvoice.ee\/et\/wp-json\/wp\/v2\/comments?post=490"}],"version-history":[{"count":3,"href":"https:\/\/tallinnvoice.ee\/et\/wp-json\/wp\/v2\/pages\/490\/revisions"}],"predecessor-version":[{"id":1491,"href":"https:\/\/tallinnvoice.ee\/et\/wp-json\/wp\/v2\/pages\/490\/revisions\/1491"}],"wp:attachment":[{"href":"https:\/\/tallinnvoice.ee\/et\/wp-json\/wp\/v2\/media?parent=490"}],"curies":[{"name":"wp","href":"https:\/\/api.w.org\/{rel}","templated":true}]}}