{"id":492,"date":"2026-03-07T08:15:28","date_gmt":"2026-03-07T08:15:28","guid":{"rendered":"https:\/\/tallinnvoice.ee\/?page_id=492"},"modified":"2026-04-03T22:48:16","modified_gmt":"2026-04-03T22:48:16","slug":"1st-edition-2022","status":"publish","type":"page","link":"https:\/\/tallinnvoice.ee\/et\/1st-edition-2022\/","title":{"rendered":"1st Edition &#8211; 2022"},"content":{"rendered":"<h1 class=\"wp-block-heading has-text-align-center has-palette-color-3-color has-text-color has-link-color wp-elements-6e2d07ab18319a7467865765d7fad43d\" id=\"the-jury-of-the-tallinn-voice-2022-has-chosen-winners\" style=\"font-size:clamp(20px, 1.25rem + ((1vw - 3.2px) * 0.938), 32px);text-transform:uppercase\">Tallinn Voice 2022 \u017e\u00fcrii kuulutas v\u00e4lja v\u00f5itjad<\/h1>\n\n\n\n<div class=\"wp-block-group is-layout-constrained wp-container-core-group-is-layout-e13bd636 wp-block-group-is-layout-constrained\" style=\"padding-right:var(--wp--preset--spacing--30);padding-left:var(--wp--preset--spacing--30)\">\n<h5 class=\"wp-block-heading has-palette-color-1-color has-text-color has-link-color wp-elements-b683fc484c7344777c28f9688cc08cf8\" id=\"mini-grand-prix\">MINI GRAND PRIX<\/h5>\n\n\n\n<div class=\"wp-block-columns is-layout-flex wp-container-core-columns-is-layout-28f84493 wp-block-columns-is-layout-flex\">\n<div class=\"wp-block-column is-layout-flow wp-block-column-is-layout-flow\">\n<figure class=\"wp-block-image aligncenter size-large is-resized\"><img loading=\"lazy\" decoding=\"async\" width=\"1024\" height=\"1024\" src=\"https:\/\/tallinnvoice.ee\/wp-content\/uploads\/2026\/03\/Kilk22-1-1024x1024.jpg\" alt=\"\" class=\"wp-image-509\" style=\"width:227px;height:auto\" srcset=\"https:\/\/tallinnvoice.ee\/wp-content\/uploads\/2026\/03\/Kilk22-1-1024x1024.jpg 1024w, https:\/\/tallinnvoice.ee\/wp-content\/uploads\/2026\/03\/Kilk22-1-300x300.jpg 300w, https:\/\/tallinnvoice.ee\/wp-content\/uploads\/2026\/03\/Kilk22-1-150x150.jpg 150w, https:\/\/tallinnvoice.ee\/wp-content\/uploads\/2026\/03\/Kilk22-1-768x768.jpg 768w, https:\/\/tallinnvoice.ee\/wp-content\/uploads\/2026\/03\/Kilk22-1-1536x1536.jpg 1536w, https:\/\/tallinnvoice.ee\/wp-content\/uploads\/2026\/03\/Kilk22-1-12x12.jpg 12w, https:\/\/tallinnvoice.ee\/wp-content\/uploads\/2026\/03\/Kilk22-1.jpg 1600w\" sizes=\"auto, (max-width: 1024px) 100vw, 1024px\" \/><\/figure>\n<\/div>\n\n\n\n<div class=\"wp-block-column is-layout-flow wp-block-column-is-layout-flow\">\n<figure class=\"wp-block-video alignleft\"><video height=\"720\" style=\"aspect-ratio: 1280 \/ 720;\" width=\"1280\" controls src=\"https:\/\/tallinnvoice.ee\/wp-content\/uploads\/2026\/03\/kilkvid.mp4\"><\/video><\/figure>\n<\/div>\n<\/div>\n<\/div>\n\n\n\n<div class=\"wp-block-group is-layout-constrained wp-container-core-group-is-layout-e13bd636 wp-block-group-is-layout-constrained\" style=\"padding-right:var(--wp--preset--spacing--30);padding-left:var(--wp--preset--spacing--30)\">\n<h5 class=\"wp-block-heading has-palette-color-1-color has-text-color has-link-color wp-elements-739739fc9d684ceac234b932a97b263d\" id=\"junior-grand-prix\">JUNIOR GRAND PRIX<\/h5>\n\n\n\n<div class=\"wp-block-columns is-layout-flex wp-container-core-columns-is-layout-28f84493 wp-block-columns-is-layout-flex\">\n<div class=\"wp-block-column is-layout-flow wp-block-column-is-layout-flow\">\n<figure class=\"wp-block-image aligncenter size-large is-resized\"><img loading=\"lazy\" decoding=\"async\" width=\"1024\" height=\"1024\" src=\"https:\/\/tallinnvoice.ee\/wp-content\/uploads\/2026\/03\/Lobnig22-1024x1024.jpg\" alt=\"\" class=\"wp-image-510\" style=\"width:250px;height:auto\" srcset=\"https:\/\/tallinnvoice.ee\/wp-content\/uploads\/2026\/03\/Lobnig22-1024x1024.jpg 1024w, https:\/\/tallinnvoice.ee\/wp-content\/uploads\/2026\/03\/Lobnig22-300x300.jpg 300w, https:\/\/tallinnvoice.ee\/wp-content\/uploads\/2026\/03\/Lobnig22-150x150.jpg 150w, https:\/\/tallinnvoice.ee\/wp-content\/uploads\/2026\/03\/Lobnig22-768x768.jpg 768w, https:\/\/tallinnvoice.ee\/wp-content\/uploads\/2026\/03\/Lobnig22-1536x1536.jpg 1536w, https:\/\/tallinnvoice.ee\/wp-content\/uploads\/2026\/03\/Lobnig22-12x12.jpg 12w, https:\/\/tallinnvoice.ee\/wp-content\/uploads\/2026\/03\/Lobnig22.jpg 1600w\" sizes=\"auto, (max-width: 1024px) 100vw, 1024px\" \/><\/figure>\n<\/div>\n\n\n\n<div class=\"wp-block-column is-layout-flow wp-block-column-is-layout-flow\">\n<figure class=\"wp-block-video alignleft\"><video height=\"720\" style=\"aspect-ratio: 1280 \/ 720;\" width=\"1280\" controls src=\"https:\/\/tallinnvoice.ee\/wp-content\/uploads\/2026\/03\/lobnigvid1-1.mp4\"><\/video><\/figure>\n<\/div>\n<\/div>\n<\/div>\n\n\n\n<div class=\"wp-block-group is-layout-constrained wp-container-core-group-is-layout-e13bd636 wp-block-group-is-layout-constrained\" style=\"padding-right:var(--wp--preset--spacing--30);padding-left:var(--wp--preset--spacing--30)\">\n<h5 class=\"wp-block-heading has-palette-color-1-color has-text-color has-link-color wp-elements-3ecd41e0965aad1e76ad0a42233e2a55\" id=\"big-grand-prix\">BIG GRAND PRIX<\/h5>\n\n\n\n<div class=\"wp-block-columns is-layout-flex wp-container-core-columns-is-layout-28f84493 wp-block-columns-is-layout-flex\">\n<div class=\"wp-block-column is-layout-flow wp-block-column-is-layout-flow\">\n<figure class=\"wp-block-image aligncenter size-large is-resized\"><img loading=\"lazy\" decoding=\"async\" width=\"1024\" height=\"1024\" src=\"https:\/\/tallinnvoice.ee\/wp-content\/uploads\/2026\/03\/Zabielaite22-1024x1024.jpg\" alt=\"\" class=\"wp-image-511\" style=\"width:247px;height:auto\" srcset=\"https:\/\/tallinnvoice.ee\/wp-content\/uploads\/2026\/03\/Zabielaite22-1024x1024.jpg 1024w, https:\/\/tallinnvoice.ee\/wp-content\/uploads\/2026\/03\/Zabielaite22-300x300.jpg 300w, https:\/\/tallinnvoice.ee\/wp-content\/uploads\/2026\/03\/Zabielaite22-150x150.jpg 150w, https:\/\/tallinnvoice.ee\/wp-content\/uploads\/2026\/03\/Zabielaite22-768x768.jpg 768w, https:\/\/tallinnvoice.ee\/wp-content\/uploads\/2026\/03\/Zabielaite22-1536x1536.jpg 1536w, https:\/\/tallinnvoice.ee\/wp-content\/uploads\/2026\/03\/Zabielaite22-12x12.jpg 12w, https:\/\/tallinnvoice.ee\/wp-content\/uploads\/2026\/03\/Zabielaite22.jpg 1600w\" sizes=\"auto, (max-width: 1024px) 100vw, 1024px\" \/><\/figure>\n<\/div>\n\n\n\n<div class=\"wp-block-column is-layout-flow wp-block-column-is-layout-flow\">\n<figure class=\"wp-block-video alignleft\"><video height=\"720\" style=\"aspect-ratio: 1280 \/ 720;\" width=\"1280\" controls src=\"https:\/\/tallinnvoice.ee\/wp-content\/uploads\/2026\/03\/gretavid.mp4\"><\/video><\/figure>\n<\/div>\n<\/div>\n<\/div>\n\n\n\n<div class=\"wp-block-group is-layout-constrained wp-container-core-group-is-layout-e13bd636 wp-block-group-is-layout-constrained\" style=\"padding-right:var(--wp--preset--spacing--30);padding-left:var(--wp--preset--spacing--30)\">\n<h5 class=\"wp-block-heading has-palette-color-1-color has-text-color has-link-color wp-elements-257b86713ce75e3687e7714be357b8b2\" id=\"best-encemble\">BEST ENCEMBLE<\/h5>\n\n\n\n<div class=\"wp-block-columns is-layout-flex wp-container-core-columns-is-layout-28f84493 wp-block-columns-is-layout-flex\">\n<div class=\"wp-block-column is-layout-flow wp-block-column-is-layout-flow\">\n<figure class=\"wp-block-image aligncenter size-large is-resized\"><img loading=\"lazy\" decoding=\"async\" width=\"1024\" height=\"1024\" src=\"https:\/\/tallinnvoice.ee\/wp-content\/uploads\/2026\/03\/kukrisi22-1024x1024.jpg\" alt=\"\" class=\"wp-image-512\" style=\"width:248px;height:auto\" srcset=\"https:\/\/tallinnvoice.ee\/wp-content\/uploads\/2026\/03\/kukrisi22-1024x1024.jpg 1024w, https:\/\/tallinnvoice.ee\/wp-content\/uploads\/2026\/03\/kukrisi22-300x300.jpg 300w, https:\/\/tallinnvoice.ee\/wp-content\/uploads\/2026\/03\/kukrisi22-150x150.jpg 150w, https:\/\/tallinnvoice.ee\/wp-content\/uploads\/2026\/03\/kukrisi22-768x768.jpg 768w, https:\/\/tallinnvoice.ee\/wp-content\/uploads\/2026\/03\/kukrisi22-1536x1536.jpg 1536w, https:\/\/tallinnvoice.ee\/wp-content\/uploads\/2026\/03\/kukrisi22-12x12.jpg 12w, https:\/\/tallinnvoice.ee\/wp-content\/uploads\/2026\/03\/kukrisi22.jpg 1600w\" sizes=\"auto, (max-width: 1024px) 100vw, 1024px\" \/><\/figure>\n<\/div>\n\n\n\n<div class=\"wp-block-column is-layout-flow wp-block-column-is-layout-flow\">\n<figure class=\"wp-block-video alignleft\"><video height=\"360\" style=\"aspect-ratio: 640 \/ 360;\" width=\"640\" controls src=\"https:\/\/tallinnvoice.ee\/wp-content\/uploads\/2026\/03\/kukriksivid1.mp4\"><\/video><\/figure>\n<\/div>\n<\/div>\n<\/div>\n\n\n\n<div class=\"wp-block-columns is-layout-flex wp-container-core-columns-is-layout-1a2ddb66 wp-block-columns-is-layout-flex\" style=\"padding-right:var(--wp--preset--spacing--30);padding-left:var(--wp--preset--spacing--30)\">\n<div class=\"wp-block-column is-layout-flow wp-block-column-is-layout-flow\">\n<figure class=\"wp-block-image size-large\"><img loading=\"lazy\" decoding=\"async\" width=\"1024\" height=\"538\" src=\"https:\/\/tallinnvoice.ee\/wp-content\/uploads\/2026\/03\/kilk1-1-1024x538.jpeg\" alt=\"\" class=\"wp-image-517\" srcset=\"https:\/\/tallinnvoice.ee\/wp-content\/uploads\/2026\/03\/kilk1-1-1024x538.jpeg 1024w, https:\/\/tallinnvoice.ee\/wp-content\/uploads\/2026\/03\/kilk1-1-300x158.jpeg 300w, https:\/\/tallinnvoice.ee\/wp-content\/uploads\/2026\/03\/kilk1-1-768x403.jpeg 768w, https:\/\/tallinnvoice.ee\/wp-content\/uploads\/2026\/03\/kilk1-1-18x9.jpeg 18w, https:\/\/tallinnvoice.ee\/wp-content\/uploads\/2026\/03\/kilk1-1.jpeg 1200w\" sizes=\"auto, (max-width: 1024px) 100vw, 1024px\" \/><\/figure>\n<\/div>\n\n\n\n<div class=\"wp-block-column is-layout-flow wp-block-column-is-layout-flow\">\n<figure class=\"wp-block-image size-large\"><img loading=\"lazy\" decoding=\"async\" width=\"1024\" height=\"538\" src=\"https:\/\/tallinnvoice.ee\/wp-content\/uploads\/2026\/03\/lobnig2-1-1024x538.jpeg\" alt=\"\" class=\"wp-image-518\" srcset=\"https:\/\/tallinnvoice.ee\/wp-content\/uploads\/2026\/03\/lobnig2-1-1024x538.jpeg 1024w, https:\/\/tallinnvoice.ee\/wp-content\/uploads\/2026\/03\/lobnig2-1-300x158.jpeg 300w, https:\/\/tallinnvoice.ee\/wp-content\/uploads\/2026\/03\/lobnig2-1-768x403.jpeg 768w, https:\/\/tallinnvoice.ee\/wp-content\/uploads\/2026\/03\/lobnig2-1-18x9.jpeg 18w, https:\/\/tallinnvoice.ee\/wp-content\/uploads\/2026\/03\/lobnig2-1.jpeg 1200w\" sizes=\"auto, (max-width: 1024px) 100vw, 1024px\" \/><\/figure>\n<\/div>\n\n\n\n<div class=\"wp-block-column is-layout-flow wp-block-column-is-layout-flow\">\n<figure class=\"wp-block-image size-large\"><img loading=\"lazy\" decoding=\"async\" width=\"1024\" height=\"538\" src=\"https:\/\/tallinnvoice.ee\/wp-content\/uploads\/2026\/03\/zabielaite2-1-1024x538.jpeg\" alt=\"\" class=\"wp-image-519\" srcset=\"https:\/\/tallinnvoice.ee\/wp-content\/uploads\/2026\/03\/zabielaite2-1-1024x538.jpeg 1024w, https:\/\/tallinnvoice.ee\/wp-content\/uploads\/2026\/03\/zabielaite2-1-300x158.jpeg 300w, https:\/\/tallinnvoice.ee\/wp-content\/uploads\/2026\/03\/zabielaite2-1-768x403.jpeg 768w, https:\/\/tallinnvoice.ee\/wp-content\/uploads\/2026\/03\/zabielaite2-1-18x9.jpeg 18w, https:\/\/tallinnvoice.ee\/wp-content\/uploads\/2026\/03\/zabielaite2-1.jpeg 1200w\" sizes=\"auto, (max-width: 1024px) 100vw, 1024px\" \/><\/figure>\n<\/div>\n\n\n\n<div class=\"wp-block-column is-layout-flow wp-block-column-is-layout-flow\">\n<figure class=\"wp-block-image size-large\"><img loading=\"lazy\" decoding=\"async\" width=\"1024\" height=\"538\" src=\"https:\/\/tallinnvoice.ee\/wp-content\/uploads\/2026\/03\/krauksisi2-1-1024x538.jpeg\" alt=\"\" class=\"wp-image-520\" srcset=\"https:\/\/tallinnvoice.ee\/wp-content\/uploads\/2026\/03\/krauksisi2-1-1024x538.jpeg 1024w, https:\/\/tallinnvoice.ee\/wp-content\/uploads\/2026\/03\/krauksisi2-1-300x158.jpeg 300w, https:\/\/tallinnvoice.ee\/wp-content\/uploads\/2026\/03\/krauksisi2-1-768x403.jpeg 768w, https:\/\/tallinnvoice.ee\/wp-content\/uploads\/2026\/03\/krauksisi2-1-18x9.jpeg 18w, https:\/\/tallinnvoice.ee\/wp-content\/uploads\/2026\/03\/krauksisi2-1.jpeg 1200w\" sizes=\"auto, (max-width: 1024px) 100vw, 1024px\" \/><\/figure>\n<\/div>\n<\/div>\n\n\n\n<div class=\"wp-block-columns is-layout-flex wp-container-core-columns-is-layout-1a2ddb66 wp-block-columns-is-layout-flex\" style=\"padding-right:var(--wp--preset--spacing--30);padding-left:var(--wp--preset--spacing--30)\">\n<div class=\"wp-block-column is-layout-flow wp-block-column-is-layout-flow\">\n<figure class=\"wp-block-embed is-type-video is-provider-youtube wp-block-embed-youtube wp-embed-aspect-16-9 wp-has-aspect-ratio\"><div class=\"wp-block-embed__wrapper\">\n<iframe loading=\"lazy\" title=\"Tallinn Voice 2022 Participants till 6 y.o.\" width=\"1290\" height=\"726\" src=\"https:\/\/www.youtube.com\/embed\/6RGNhoSYI4U?feature=oembed\" frameborder=\"0\" allow=\"accelerometer; autoplay; clipboard-write; encrypted-media; gyroscope; picture-in-picture; web-share\" referrerpolicy=\"strict-origin-when-cross-origin\" allowfullscreen><\/iframe>\n<\/div><\/figure>\n<\/div>\n\n\n\n<div class=\"wp-block-column is-layout-flow wp-block-column-is-layout-flow\">\n<figure class=\"wp-block-embed is-type-video is-provider-youtube wp-block-embed-youtube wp-embed-aspect-16-9 wp-has-aspect-ratio\"><div class=\"wp-block-embed__wrapper\">\n<iframe loading=\"lazy\" title=\"Tallinn Voice 2022 Participants 7 - 9 y.o.\" width=\"1290\" height=\"726\" src=\"https:\/\/www.youtube.com\/embed\/f2y1Ew3dSOo?feature=oembed\" frameborder=\"0\" allow=\"accelerometer; autoplay; clipboard-write; encrypted-media; gyroscope; picture-in-picture; web-share\" referrerpolicy=\"strict-origin-when-cross-origin\" allowfullscreen><\/iframe>\n<\/div><\/figure>\n<\/div>\n\n\n\n<div class=\"wp-block-column is-layout-flow wp-block-column-is-layout-flow\">\n<figure class=\"wp-block-embed is-type-video is-provider-youtube wp-block-embed-youtube wp-embed-aspect-16-9 wp-has-aspect-ratio\"><div class=\"wp-block-embed__wrapper\">\n<iframe loading=\"lazy\" title=\"Tallinn Voice Contest 2022 Participants 10 - 12 y.o. Part 1\" width=\"1290\" height=\"726\" src=\"https:\/\/www.youtube.com\/embed\/ccFJy4p-ULQ?feature=oembed\" frameborder=\"0\" allow=\"accelerometer; autoplay; clipboard-write; encrypted-media; gyroscope; picture-in-picture; web-share\" referrerpolicy=\"strict-origin-when-cross-origin\" allowfullscreen><\/iframe>\n<\/div><\/figure>\n<\/div>\n\n\n\n<div class=\"wp-block-column is-layout-flow wp-block-column-is-layout-flow\">\n<figure class=\"wp-block-embed is-type-video is-provider-youtube wp-block-embed-youtube wp-embed-aspect-16-9 wp-has-aspect-ratio\"><div class=\"wp-block-embed__wrapper\">\n<iframe loading=\"lazy\" title=\"Tallinn Voice 2022 Participants 10 - 12 y.o. Part 3\" width=\"1290\" height=\"726\" src=\"https:\/\/www.youtube.com\/embed\/D-X5B3VPkF8?feature=oembed\" frameborder=\"0\" allow=\"accelerometer; autoplay; clipboard-write; encrypted-media; gyroscope; picture-in-picture; web-share\" referrerpolicy=\"strict-origin-when-cross-origin\" allowfullscreen><\/iframe>\n<\/div><\/figure>\n<\/div>\n<\/div>\n\n\n\n<div class=\"wp-block-columns is-layout-flex wp-container-core-columns-is-layout-1a2ddb66 wp-block-columns-is-layout-flex\" style=\"padding-right:var(--wp--preset--spacing--30);padding-left:var(--wp--preset--spacing--30)\">\n<div class=\"wp-block-column is-layout-flow wp-block-column-is-layout-flow\">\n<figure class=\"wp-block-embed is-type-video is-provider-youtube wp-block-embed-youtube wp-embed-aspect-16-9 wp-has-aspect-ratio\"><div class=\"wp-block-embed__wrapper\">\n<iframe loading=\"lazy\" title=\"Tallinn Voice 2022 Participants 10 - 12 y.o. Part 2\" width=\"1290\" height=\"726\" src=\"https:\/\/www.youtube.com\/embed\/f_mkyWwytwU?feature=oembed\" frameborder=\"0\" allow=\"accelerometer; autoplay; clipboard-write; encrypted-media; gyroscope; picture-in-picture; web-share\" referrerpolicy=\"strict-origin-when-cross-origin\" allowfullscreen><\/iframe>\n<\/div><\/figure>\n<\/div>\n\n\n\n<div class=\"wp-block-column is-layout-flow wp-block-column-is-layout-flow\">\n<figure class=\"wp-block-embed is-type-video is-provider-youtube wp-block-embed-youtube wp-embed-aspect-16-9 wp-has-aspect-ratio\"><div class=\"wp-block-embed__wrapper\">\n<iframe loading=\"lazy\" title=\"Tallinn Voice 2022 Participants 13 - 15 years old\" width=\"1290\" height=\"726\" src=\"https:\/\/www.youtube.com\/embed\/EP2T88NyPGA?feature=oembed\" frameborder=\"0\" allow=\"accelerometer; autoplay; clipboard-write; encrypted-media; gyroscope; picture-in-picture; web-share\" referrerpolicy=\"strict-origin-when-cross-origin\" allowfullscreen><\/iframe>\n<\/div><\/figure>\n<\/div>\n\n\n\n<div class=\"wp-block-column is-layout-flow wp-block-column-is-layout-flow\">\n<figure class=\"wp-block-embed is-type-video is-provider-youtube wp-block-embed-youtube wp-embed-aspect-16-9 wp-has-aspect-ratio\"><div class=\"wp-block-embed__wrapper\">\n<iframe loading=\"lazy\" title=\"Tallinn Voice 2022 Participants 16 - 18 years old\" width=\"1290\" height=\"726\" src=\"https:\/\/www.youtube.com\/embed\/K0elnqSQhx4?feature=oembed\" frameborder=\"0\" allow=\"accelerometer; autoplay; clipboard-write; encrypted-media; gyroscope; picture-in-picture; web-share\" referrerpolicy=\"strict-origin-when-cross-origin\" allowfullscreen><\/iframe>\n<\/div><\/figure>\n<\/div>\n\n\n\n<div class=\"wp-block-column is-layout-flow wp-block-column-is-layout-flow\">\n<figure class=\"wp-block-embed is-type-video is-provider-youtube wp-block-embed-youtube wp-embed-aspect-16-9 wp-has-aspect-ratio\"><div class=\"wp-block-embed__wrapper\">\n<iframe loading=\"lazy\" title=\"Tallinn Voice 2022 Participants 19 + y.o.\" width=\"1290\" height=\"726\" src=\"https:\/\/www.youtube.com\/embed\/fi4wFyCc5Ws?feature=oembed\" frameborder=\"0\" allow=\"accelerometer; autoplay; clipboard-write; encrypted-media; gyroscope; picture-in-picture; web-share\" referrerpolicy=\"strict-origin-when-cross-origin\" allowfullscreen><\/iframe>\n<\/div><\/figure>\n<\/div>\n<\/div>","protected":false},"excerpt":{"rendered":"<p>The Jury of the Tallinn Voice 2022 has chosen Winners MINI GRAND PRIX JUNIOR GRAND PRIX BIG GRAND PRIX BEST ENCEMBLE<\/p>","protected":false},"author":1,"featured_media":0,"parent":0,"menu_order":0,"comment_status":"closed","ping_status":"closed","template":"","meta":{"_eb_attr":"","_gspb_post_css":"","_monsterinsights_skip_tracking":false,"_monsterinsights_sitenote_active":false,"_monsterinsights_sitenote_note":"","_monsterinsights_sitenote_category":0,"footnotes":""},"class_list":["post-492","page","type-page","status-publish","hentry"],"blocksy_meta":[],"aioseo_notices":[],"_links":{"self":[{"href":"https:\/\/tallinnvoice.ee\/et\/wp-json\/wp\/v2\/pages\/492","targetHints":{"allow":["GET"]}}],"collection":[{"href":"https:\/\/tallinnvoice.ee\/et\/wp-json\/wp\/v2\/pages"}],"about":[{"href":"https:\/\/tallinnvoice.ee\/et\/wp-json\/wp\/v2\/types\/page"}],"author":[{"embeddable":true,"href":"https:\/\/tallinnvoice.ee\/et\/wp-json\/wp\/v2\/users\/1"}],"replies":[{"embeddable":true,"href":"https:\/\/tallinnvoice.ee\/et\/wp-json\/wp\/v2\/comments?post=492"}],"version-history":[{"count":10,"href":"https:\/\/tallinnvoice.ee\/et\/wp-json\/wp\/v2\/pages\/492\/revisions"}],"predecessor-version":[{"id":1488,"href":"https:\/\/tallinnvoice.ee\/et\/wp-json\/wp\/v2\/pages\/492\/revisions\/1488"}],"wp:attachment":[{"href":"https:\/\/tallinnvoice.ee\/et\/wp-json\/wp\/v2\/media?parent=492"}],"curies":[{"name":"wp","href":"https:\/\/api.w.org\/{rel}","templated":true}]}}