{"id":494,"date":"2026-03-07T08:15:49","date_gmt":"2026-03-07T08:15:49","guid":{"rendered":"https:\/\/tallinnvoice.ee\/?page_id=494"},"modified":"2026-04-03T09:17:10","modified_gmt":"2026-04-03T09:17:10","slug":"2nd-edition-2023","status":"publish","type":"page","link":"https:\/\/tallinnvoice.ee\/et\/2nd-edition-2023\/","title":{"rendered":"2nd Edition &#8211; 2023"},"content":{"rendered":"<h1 class=\"wp-block-heading has-text-align-center has-palette-color-3-color has-text-color has-link-color wp-elements-7d13bf224dc66106b944a763d48f8206\" id=\"the-jury-of-the-tallinn-voice-2023-has-chosen-winners\" style=\"font-size:clamp(20px, 1.25rem + ((1vw - 3.2px) * 0.938), 32px);text-transform:uppercase\">Tallinn Voice 2023 \u017e\u00fcrii kuulutas v\u00e4lja v\u00f5itjad<\/h1>\n\n\n\n<div class=\"wp-block-group is-layout-constrained wp-container-core-group-is-layout-e13bd636 wp-block-group-is-layout-constrained\" style=\"padding-right:var(--wp--preset--spacing--30);padding-left:var(--wp--preset--spacing--30)\">\n<h5 class=\"wp-block-heading has-palette-color-1-color has-text-color has-link-color wp-elements-b683fc484c7344777c28f9688cc08cf8\" id=\"mini-grand-prix\">MINI GRAND PRIX<\/h5>\n\n\n\n<div class=\"wp-block-columns is-layout-flex wp-container-core-columns-is-layout-28f84493 wp-block-columns-is-layout-flex\">\n<div class=\"wp-block-column is-layout-flow wp-block-column-is-layout-flow\">\n<figure class=\"wp-block-image aligncenter size-large is-resized\"><img loading=\"lazy\" decoding=\"async\" width=\"1024\" height=\"1024\" src=\"https:\/\/tallinnvoice.ee\/wp-content\/uploads\/2026\/03\/aurora23-1024x1024.jpg\" alt=\"\" class=\"wp-image-531\" style=\"width:227px;height:auto\" srcset=\"https:\/\/tallinnvoice.ee\/wp-content\/uploads\/2026\/03\/aurora23-1024x1024.jpg 1024w, https:\/\/tallinnvoice.ee\/wp-content\/uploads\/2026\/03\/aurora23-300x300.jpg 300w, https:\/\/tallinnvoice.ee\/wp-content\/uploads\/2026\/03\/aurora23-150x150.jpg 150w, https:\/\/tallinnvoice.ee\/wp-content\/uploads\/2026\/03\/aurora23-768x768.jpg 768w, https:\/\/tallinnvoice.ee\/wp-content\/uploads\/2026\/03\/aurora23-12x12.jpg 12w, https:\/\/tallinnvoice.ee\/wp-content\/uploads\/2026\/03\/aurora23.jpg 1080w\" sizes=\"auto, (max-width: 1024px) 100vw, 1024px\" \/><\/figure>\n<\/div>\n\n\n\n<div class=\"wp-block-column is-layout-flow wp-block-column-is-layout-flow\">\n<figure class=\"wp-block-video alignleft\"><video height=\"720\" style=\"aspect-ratio: 1280 \/ 720;\" width=\"1280\" controls src=\"https:\/\/tallinnvoice.ee\/wp-content\/uploads\/2026\/03\/auroravid1.mp4\"><\/video><\/figure>\n<\/div>\n<\/div>\n<\/div>\n\n\n\n<div class=\"wp-block-group is-layout-constrained wp-container-core-group-is-layout-e13bd636 wp-block-group-is-layout-constrained\" style=\"padding-right:var(--wp--preset--spacing--30);padding-left:var(--wp--preset--spacing--30)\">\n<h5 class=\"wp-block-heading has-palette-color-1-color has-text-color has-link-color wp-elements-739739fc9d684ceac234b932a97b263d\" id=\"junior-grand-prix\">JUNIOR GRAND PRIX<\/h5>\n\n\n\n<div class=\"wp-block-columns is-layout-flex wp-container-core-columns-is-layout-28f84493 wp-block-columns-is-layout-flex\">\n<div class=\"wp-block-column is-layout-flow wp-block-column-is-layout-flow\">\n<figure class=\"wp-block-image aligncenter size-large is-resized\"><img loading=\"lazy\" decoding=\"async\" width=\"1024\" height=\"1024\" src=\"https:\/\/tallinnvoice.ee\/wp-content\/uploads\/2026\/03\/geras23-1024x1024.jpg\" alt=\"\" class=\"wp-image-552\" style=\"width:234px;height:auto\" srcset=\"https:\/\/tallinnvoice.ee\/wp-content\/uploads\/2026\/03\/geras23-1024x1024.jpg 1024w, https:\/\/tallinnvoice.ee\/wp-content\/uploads\/2026\/03\/geras23-300x300.jpg 300w, https:\/\/tallinnvoice.ee\/wp-content\/uploads\/2026\/03\/geras23-150x150.jpg 150w, https:\/\/tallinnvoice.ee\/wp-content\/uploads\/2026\/03\/geras23-768x768.jpg 768w, https:\/\/tallinnvoice.ee\/wp-content\/uploads\/2026\/03\/geras23-12x12.jpg 12w, https:\/\/tallinnvoice.ee\/wp-content\/uploads\/2026\/03\/geras23.jpg 1080w\" sizes=\"auto, (max-width: 1024px) 100vw, 1024px\" \/><\/figure>\n<\/div>\n\n\n\n<div class=\"wp-block-column is-layout-flow wp-block-column-is-layout-flow\">\n<figure class=\"wp-block-video alignleft\"><video height=\"720\" style=\"aspect-ratio: 1280 \/ 720;\" width=\"1280\" controls src=\"https:\/\/tallinnvoice.ee\/wp-content\/uploads\/2026\/03\/gerasvid1.mp4\"><\/video><\/figure>\n<\/div>\n<\/div>\n<\/div>\n\n\n\n<div class=\"wp-block-group is-layout-constrained wp-container-core-group-is-layout-e13bd636 wp-block-group-is-layout-constrained\" style=\"padding-right:var(--wp--preset--spacing--30);padding-left:var(--wp--preset--spacing--30)\">\n<h5 class=\"wp-block-heading has-palette-color-1-color has-text-color has-link-color wp-elements-3ecd41e0965aad1e76ad0a42233e2a55\" id=\"big-grand-prix\">BIG GRAND PRIX<\/h5>\n\n\n\n<div class=\"wp-block-columns is-layout-flex wp-container-core-columns-is-layout-28f84493 wp-block-columns-is-layout-flex\">\n<div class=\"wp-block-column is-layout-flow wp-block-column-is-layout-flow\">\n<figure class=\"wp-block-image aligncenter size-full is-resized\"><img loading=\"lazy\" decoding=\"async\" width=\"1024\" height=\"1024\" src=\"https:\/\/tallinnvoice.ee\/wp-content\/uploads\/2026\/03\/1.jpg\" alt=\"\" class=\"wp-image-1125\" style=\"width:251px;height:auto\" srcset=\"https:\/\/tallinnvoice.ee\/wp-content\/uploads\/2026\/03\/1.jpg 1024w, https:\/\/tallinnvoice.ee\/wp-content\/uploads\/2026\/03\/1-300x300.jpg 300w, https:\/\/tallinnvoice.ee\/wp-content\/uploads\/2026\/03\/1-150x150.jpg 150w, https:\/\/tallinnvoice.ee\/wp-content\/uploads\/2026\/03\/1-768x768.jpg 768w, https:\/\/tallinnvoice.ee\/wp-content\/uploads\/2026\/03\/1-12x12.jpg 12w\" sizes=\"auto, (max-width: 1024px) 100vw, 1024px\" \/><\/figure>\n<\/div>\n\n\n\n<div class=\"wp-block-column is-layout-flow wp-block-column-is-layout-flow\">\n<figure class=\"wp-block-video alignleft\"><video height=\"720\" style=\"aspect-ratio: 1280 \/ 720;\" width=\"1280\" controls src=\"https:\/\/tallinnvoice.ee\/wp-content\/uploads\/2026\/03\/parnvid1.mp4\"><\/video><\/figure>\n<\/div>\n<\/div>\n<\/div>\n\n\n\n<div class=\"wp-block-group is-layout-constrained wp-container-core-group-is-layout-e13bd636 wp-block-group-is-layout-constrained\" style=\"padding-right:var(--wp--preset--spacing--30);padding-left:var(--wp--preset--spacing--30)\">\n<h5 class=\"wp-block-heading has-palette-color-1-color has-text-color has-link-color wp-elements-257b86713ce75e3687e7714be357b8b2\" id=\"best-encemble\">BEST ENCEMBLE<\/h5>\n\n\n\n<div class=\"wp-block-columns is-layout-flex wp-container-core-columns-is-layout-28f84493 wp-block-columns-is-layout-flex\">\n<div class=\"wp-block-column is-layout-flow wp-block-column-is-layout-flow\">\n<figure class=\"wp-block-image aligncenter size-full is-resized\"><img loading=\"lazy\" decoding=\"async\" width=\"1024\" height=\"1024\" src=\"https:\/\/tallinnvoice.ee\/wp-content\/uploads\/2026\/03\/2.jpg\" alt=\"\" class=\"wp-image-1126\" style=\"width:248px;height:auto\" srcset=\"https:\/\/tallinnvoice.ee\/wp-content\/uploads\/2026\/03\/2.jpg 1024w, https:\/\/tallinnvoice.ee\/wp-content\/uploads\/2026\/03\/2-300x300.jpg 300w, https:\/\/tallinnvoice.ee\/wp-content\/uploads\/2026\/03\/2-150x150.jpg 150w, https:\/\/tallinnvoice.ee\/wp-content\/uploads\/2026\/03\/2-768x768.jpg 768w, https:\/\/tallinnvoice.ee\/wp-content\/uploads\/2026\/03\/2-12x12.jpg 12w\" sizes=\"auto, (max-width: 1024px) 100vw, 1024px\" \/><\/figure>\n<\/div>\n\n\n\n<div class=\"wp-block-column is-layout-flow wp-block-column-is-layout-flow\">\n<figure class=\"wp-block-video alignleft\"><video height=\"720\" style=\"aspect-ratio: 1280 \/ 720;\" width=\"1280\" controls src=\"https:\/\/tallinnvoice.ee\/wp-content\/uploads\/2026\/03\/delicevid1.mp4\"><\/video><\/figure>\n<\/div>\n<\/div>\n<\/div>\n\n\n\n<div class=\"wp-block-columns is-layout-flex wp-container-core-columns-is-layout-1a2ddb66 wp-block-columns-is-layout-flex\" style=\"padding-right:var(--wp--preset--spacing--30);padding-left:var(--wp--preset--spacing--30)\">\n<div class=\"wp-block-column is-layout-flow wp-block-column-is-layout-flow\">\n<figure class=\"wp-block-embed is-type-video is-provider-youtube wp-block-embed-youtube wp-embed-aspect-16-9 wp-has-aspect-ratio\"><div class=\"wp-block-embed__wrapper\">\n<iframe loading=\"lazy\" title=\"TALLINN VOICE 2023 Movie&amp;musical Nomination Singing Competition\" width=\"1290\" height=\"726\" src=\"https:\/\/www.youtube.com\/embed\/-xmBVkjInek?feature=oembed\" frameborder=\"0\" allow=\"accelerometer; autoplay; clipboard-write; encrypted-media; gyroscope; picture-in-picture; web-share\" referrerpolicy=\"strict-origin-when-cross-origin\" allowfullscreen><\/iframe>\n<\/div><\/figure>\n<\/div>\n\n\n\n<div class=\"wp-block-column is-layout-flow wp-block-column-is-layout-flow\">\n<figure class=\"wp-block-embed is-type-video is-provider-youtube wp-block-embed-youtube wp-embed-aspect-16-9 wp-has-aspect-ratio\"><div class=\"wp-block-embed__wrapper\">\n<iframe loading=\"lazy\" title=\"TALLINN VOICE 2023 Pop&amp;Jazz Nomination Singing Competition\" width=\"1290\" height=\"726\" src=\"https:\/\/www.youtube.com\/embed\/IyscUSF3LPc?feature=oembed\" frameborder=\"0\" allow=\"accelerometer; autoplay; clipboard-write; encrypted-media; gyroscope; picture-in-picture; web-share\" referrerpolicy=\"strict-origin-when-cross-origin\" allowfullscreen><\/iframe>\n<\/div><\/figure>\n<\/div>\n\n\n\n<div class=\"wp-block-column is-layout-flow wp-block-column-is-layout-flow\">\n<figure class=\"wp-block-embed is-type-video is-provider-youtube wp-block-embed-youtube wp-embed-aspect-16-9 wp-has-aspect-ratio\"><div class=\"wp-block-embed__wrapper\">\n<iframe loading=\"lazy\" title=\"TALLINN VOICE 2023 World hit Nomination Singing Competition\" width=\"1290\" height=\"726\" src=\"https:\/\/www.youtube.com\/embed\/HUxlZzGlGgU?feature=oembed\" frameborder=\"0\" allow=\"accelerometer; autoplay; clipboard-write; encrypted-media; gyroscope; picture-in-picture; web-share\" referrerpolicy=\"strict-origin-when-cross-origin\" allowfullscreen><\/iframe>\n<\/div><\/figure>\n<\/div>\n\n\n\n<div class=\"wp-block-column is-layout-flow wp-block-column-is-layout-flow\">\n<figure class=\"wp-block-embed is-type-video is-provider-youtube wp-block-embed-youtube wp-embed-aspect-16-9 wp-has-aspect-ratio\"><div class=\"wp-block-embed__wrapper\">\n<iframe loading=\"lazy\" title=\"TALLINN VOICE 2023 Children&#039;s song Nomination Singing Competition\" width=\"1290\" height=\"726\" src=\"https:\/\/www.youtube.com\/embed\/fevsOIe9xZ0?feature=oembed\" frameborder=\"0\" allow=\"accelerometer; autoplay; clipboard-write; encrypted-media; gyroscope; picture-in-picture; web-share\" referrerpolicy=\"strict-origin-when-cross-origin\" allowfullscreen><\/iframe>\n<\/div><\/figure>\n<\/div>\n<\/div>\n\n\n\n<div class=\"wp-block-columns is-layout-flex wp-container-core-columns-is-layout-1a2ddb66 wp-block-columns-is-layout-flex\" style=\"padding-right:var(--wp--preset--spacing--30);padding-left:var(--wp--preset--spacing--30)\">\n<div class=\"wp-block-column is-layout-flow wp-block-column-is-layout-flow\">\n<figure class=\"wp-block-embed is-type-video is-provider-youtube wp-block-embed-youtube wp-embed-aspect-16-9 wp-has-aspect-ratio\"><div class=\"wp-block-embed__wrapper\">\n<iframe loading=\"lazy\" title=\"TALLINN VOICE 2023 Native &amp; Folk Nomination Singing Competition\" width=\"1290\" height=\"726\" src=\"https:\/\/www.youtube.com\/embed\/sWzLEOe-WFQ?feature=oembed\" frameborder=\"0\" allow=\"accelerometer; autoplay; clipboard-write; encrypted-media; gyroscope; picture-in-picture; web-share\" referrerpolicy=\"strict-origin-when-cross-origin\" allowfullscreen><\/iframe>\n<\/div><\/figure>\n<\/div>\n\n\n\n<div class=\"wp-block-column is-layout-flow wp-block-column-is-layout-flow\">\n<figure class=\"wp-block-embed is-type-video is-provider-youtube wp-block-embed-youtube wp-embed-aspect-16-9 wp-has-aspect-ratio\"><div class=\"wp-block-embed__wrapper\">\n<iframe loading=\"lazy\" title=\"TALLINN VOICE 2023 Author song Nomination Singing Competition\" width=\"1290\" height=\"726\" src=\"https:\/\/www.youtube.com\/embed\/qUo_4aJTygU?feature=oembed\" frameborder=\"0\" allow=\"accelerometer; autoplay; clipboard-write; encrypted-media; gyroscope; picture-in-picture; web-share\" referrerpolicy=\"strict-origin-when-cross-origin\" allowfullscreen><\/iframe>\n<\/div><\/figure>\n<\/div>\n\n\n\n<div class=\"wp-block-column is-layout-flow wp-block-column-is-layout-flow\">\n<figure class=\"wp-block-embed is-type-video is-provider-youtube wp-block-embed-youtube wp-embed-aspect-16-9 wp-has-aspect-ratio\"><div class=\"wp-block-embed__wrapper\">\n<iframe loading=\"lazy\" title=\"TALLINN VOICE 2023 Ensembles Nomination Singing Competition\" width=\"1290\" height=\"726\" src=\"https:\/\/www.youtube.com\/embed\/kTvvLNj5XPI?feature=oembed\" frameborder=\"0\" allow=\"accelerometer; autoplay; clipboard-write; encrypted-media; gyroscope; picture-in-picture; web-share\" referrerpolicy=\"strict-origin-when-cross-origin\" allowfullscreen><\/iframe>\n<\/div><\/figure>\n<\/div>\n\n\n\n<div class=\"wp-block-column is-layout-flow wp-block-column-is-layout-flow\">\n<figure class=\"wp-block-embed is-type-video is-provider-youtube wp-block-embed-youtube wp-embed-aspect-16-9 wp-has-aspect-ratio\"><div class=\"wp-block-embed__wrapper\">\n<iframe loading=\"lazy\" title=\"TALLINN VOICE 2023 GALA CONCERT\" width=\"1290\" height=\"726\" src=\"https:\/\/www.youtube.com\/embed\/byna832dzEc?feature=oembed\" frameborder=\"0\" allow=\"accelerometer; autoplay; clipboard-write; encrypted-media; gyroscope; picture-in-picture; web-share\" referrerpolicy=\"strict-origin-when-cross-origin\" allowfullscreen><\/iframe>\n<\/div><\/figure>\n<\/div>\n<\/div>","protected":false},"excerpt":{"rendered":"<p>The Jury of the Tallinn Voice 2023 has chosen Winners MINI GRAND PRIX JUNIOR GRAND PRIX BIG GRAND PRIX BEST ENCEMBLE<\/p>","protected":false},"author":1,"featured_media":0,"parent":0,"menu_order":0,"comment_status":"closed","ping_status":"closed","template":"","meta":{"_eb_attr":"","_gspb_post_css":"","_monsterinsights_skip_tracking":false,"_monsterinsights_sitenote_active":false,"_monsterinsights_sitenote_note":"","_monsterinsights_sitenote_category":0,"footnotes":""},"class_list":["post-494","page","type-page","status-publish","hentry"],"blocksy_meta":[],"aioseo_notices":[],"_links":{"self":[{"href":"https:\/\/tallinnvoice.ee\/et\/wp-json\/wp\/v2\/pages\/494","targetHints":{"allow":["GET"]}}],"collection":[{"href":"https:\/\/tallinnvoice.ee\/et\/wp-json\/wp\/v2\/pages"}],"about":[{"href":"https:\/\/tallinnvoice.ee\/et\/wp-json\/wp\/v2\/types\/page"}],"author":[{"embeddable":true,"href":"https:\/\/tallinnvoice.ee\/et\/wp-json\/wp\/v2\/users\/1"}],"replies":[{"embeddable":true,"href":"https:\/\/tallinnvoice.ee\/et\/wp-json\/wp\/v2\/comments?post=494"}],"version-history":[{"count":5,"href":"https:\/\/tallinnvoice.ee\/et\/wp-json\/wp\/v2\/pages\/494\/revisions"}],"predecessor-version":[{"id":1487,"href":"https:\/\/tallinnvoice.ee\/et\/wp-json\/wp\/v2\/pages\/494\/revisions\/1487"}],"wp:attachment":[{"href":"https:\/\/tallinnvoice.ee\/et\/wp-json\/wp\/v2\/media?parent=494"}],"curies":[{"name":"wp","href":"https:\/\/api.w.org\/{rel}","templated":true}]}}