{"id":496,"date":"2026-03-07T08:16:15","date_gmt":"2026-03-07T08:16:15","guid":{"rendered":"https:\/\/tallinnvoice.ee\/?page_id=496"},"modified":"2026-04-03T09:16:54","modified_gmt":"2026-04-03T09:16:54","slug":"3rd-edition-2024","status":"publish","type":"page","link":"https:\/\/tallinnvoice.ee\/et\/3rd-edition-2024\/","title":{"rendered":"3rd Edition &#8211; 2024"},"content":{"rendered":"<h1 class=\"wp-block-heading has-text-align-center has-palette-color-3-color has-text-color has-link-color wp-elements-77f57a39a74928132d92076ef74bfecd\" id=\"the-jury-of-the-tallinn-voice-2024-has-chosen-winners\" style=\"font-size:clamp(20px, 1.25rem + ((1vw - 3.2px) * 0.938), 32px);text-transform:uppercase\">Tallinn Voice 2024 \u017e\u00fcrii kuulutas v\u00e4lja v\u00f5itjad<\/h1>\n\n\n\n<div class=\"wp-block-group is-layout-constrained wp-container-core-group-is-layout-e13bd636 wp-block-group-is-layout-constrained\" style=\"padding-right:var(--wp--preset--spacing--30);padding-left:var(--wp--preset--spacing--30)\">\n<h5 class=\"wp-block-heading has-text-align-center has-palette-color-1-color has-text-color has-link-color wp-elements-78da4bc68d7a6617a4849940216e06a2\" id=\"mini-grand-prix\">MINI GRAND PRIX<\/h5>\n\n\n\n<div class=\"wp-block-columns is-layout-flex wp-container-core-columns-is-layout-28f84493 wp-block-columns-is-layout-flex\">\n<div class=\"wp-block-column is-layout-flow wp-block-column-is-layout-flow\">\n<figure class=\"wp-block-image aligncenter size-large is-resized\"><img loading=\"lazy\" decoding=\"async\" width=\"1024\" height=\"1024\" src=\"https:\/\/tallinnvoice.ee\/wp-content\/uploads\/2026\/03\/pravd24-1024x1024.jpg\" alt=\"\" class=\"wp-image-555\" style=\"width:227px;height:auto\" srcset=\"https:\/\/tallinnvoice.ee\/wp-content\/uploads\/2026\/03\/pravd24-1024x1024.jpg 1024w, https:\/\/tallinnvoice.ee\/wp-content\/uploads\/2026\/03\/pravd24-300x300.jpg 300w, https:\/\/tallinnvoice.ee\/wp-content\/uploads\/2026\/03\/pravd24-150x150.jpg 150w, https:\/\/tallinnvoice.ee\/wp-content\/uploads\/2026\/03\/pravd24-768x768.jpg 768w, https:\/\/tallinnvoice.ee\/wp-content\/uploads\/2026\/03\/pravd24-12x12.jpg 12w, https:\/\/tallinnvoice.ee\/wp-content\/uploads\/2026\/03\/pravd24.jpg 1057w\" sizes=\"auto, (max-width: 1024px) 100vw, 1024px\" \/><\/figure>\n<\/div>\n\n\n\n<div class=\"wp-block-column is-layout-flow wp-block-column-is-layout-flow\">\n<figure class=\"wp-block-video alignleft\"><video height=\"720\" style=\"aspect-ratio: 1280 \/ 720;\" width=\"1280\" controls src=\"https:\/\/tallinnvoice.ee\/wp-content\/uploads\/2026\/03\/pravdvid1.mp4\"><\/video><\/figure>\n<\/div>\n<\/div>\n<\/div>\n\n\n\n<div class=\"wp-block-group is-layout-constrained wp-container-core-group-is-layout-e13bd636 wp-block-group-is-layout-constrained\" style=\"padding-right:var(--wp--preset--spacing--30);padding-left:var(--wp--preset--spacing--30)\">\n<h5 class=\"wp-block-heading has-text-align-center has-palette-color-1-color has-text-color has-link-color wp-elements-3dbf8a326b12c3c39678124374843ebb\" id=\"junior-grand-prix\">JUNIOR GRAND PRIX<\/h5>\n\n\n\n<div class=\"wp-block-columns is-layout-flex wp-container-core-columns-is-layout-28f84493 wp-block-columns-is-layout-flex\">\n<div class=\"wp-block-column is-layout-flow wp-block-column-is-layout-flow\">\n<figure class=\"wp-block-image aligncenter size-large is-resized\"><img loading=\"lazy\" decoding=\"async\" width=\"1024\" height=\"1024\" src=\"https:\/\/tallinnvoice.ee\/wp-content\/uploads\/2026\/03\/paula24-1024x1024.jpg\" alt=\"\" class=\"wp-image-556\" style=\"width:236px;height:auto\" srcset=\"https:\/\/tallinnvoice.ee\/wp-content\/uploads\/2026\/03\/paula24-1024x1024.jpg 1024w, https:\/\/tallinnvoice.ee\/wp-content\/uploads\/2026\/03\/paula24-300x300.jpg 300w, https:\/\/tallinnvoice.ee\/wp-content\/uploads\/2026\/03\/paula24-150x150.jpg 150w, https:\/\/tallinnvoice.ee\/wp-content\/uploads\/2026\/03\/paula24-768x768.jpg 768w, https:\/\/tallinnvoice.ee\/wp-content\/uploads\/2026\/03\/paula24-12x12.jpg 12w, https:\/\/tallinnvoice.ee\/wp-content\/uploads\/2026\/03\/paula24.jpg 1055w\" sizes=\"auto, (max-width: 1024px) 100vw, 1024px\" \/><\/figure>\n<\/div>\n\n\n\n<div class=\"wp-block-column is-layout-flow wp-block-column-is-layout-flow\">\n<div class=\"wp-block-columns is-layout-flex wp-container-core-columns-is-layout-28f84493 wp-block-columns-is-layout-flex\">\n<div class=\"wp-block-column is-layout-flow wp-block-column-is-layout-flow\" style=\"padding-top:var(--wp--preset--spacing--30)\">\n<figure class=\"wp-block-video alignleft\"><video height=\"720\" style=\"aspect-ratio: 1280 \/ 720;\" width=\"1280\" controls src=\"https:\/\/tallinnvoice.ee\/wp-content\/uploads\/2026\/03\/paulavid1.mp4\"><\/video><\/figure>\n<\/div>\n<\/div>\n<\/div>\n<\/div>\n<\/div>\n\n\n\n<div class=\"wp-block-group is-layout-constrained wp-container-core-group-is-layout-e13bd636 wp-block-group-is-layout-constrained\" style=\"padding-right:var(--wp--preset--spacing--30);padding-left:var(--wp--preset--spacing--30)\">\n<h5 class=\"wp-block-heading has-text-align-center has-palette-color-1-color has-text-color has-link-color wp-elements-b17f6974ae0803bf1c18bfd23c82e958\" id=\"big-grand-prix\">BIG GRAND PRIX<\/h5>\n\n\n\n<div class=\"wp-block-columns is-layout-flex wp-container-core-columns-is-layout-28f84493 wp-block-columns-is-layout-flex\">\n<div class=\"wp-block-column is-layout-flow wp-block-column-is-layout-flow\">\n<figure class=\"wp-block-image aligncenter size-large is-resized\"><img loading=\"lazy\" decoding=\"async\" width=\"1024\" height=\"1024\" src=\"https:\/\/tallinnvoice.ee\/wp-content\/uploads\/2026\/03\/teleuka24-1024x1024.jpg\" alt=\"\" class=\"wp-image-557\" style=\"width:231px;height:auto\" srcset=\"https:\/\/tallinnvoice.ee\/wp-content\/uploads\/2026\/03\/teleuka24-1024x1024.jpg 1024w, https:\/\/tallinnvoice.ee\/wp-content\/uploads\/2026\/03\/teleuka24-300x300.jpg 300w, https:\/\/tallinnvoice.ee\/wp-content\/uploads\/2026\/03\/teleuka24-150x150.jpg 150w, https:\/\/tallinnvoice.ee\/wp-content\/uploads\/2026\/03\/teleuka24-768x768.jpg 768w, https:\/\/tallinnvoice.ee\/wp-content\/uploads\/2026\/03\/teleuka24-12x12.jpg 12w, https:\/\/tallinnvoice.ee\/wp-content\/uploads\/2026\/03\/teleuka24.jpg 1080w\" sizes=\"auto, (max-width: 1024px) 100vw, 1024px\" \/><\/figure>\n<\/div>\n\n\n\n<div class=\"wp-block-column is-layout-flow wp-block-column-is-layout-flow\">\n<figure class=\"wp-block-video alignleft\"><video height=\"720\" style=\"aspect-ratio: 1280 \/ 720;\" width=\"1280\" controls src=\"https:\/\/tallinnvoice.ee\/wp-content\/uploads\/2026\/03\/teleukavid1.mp4\"><\/video><\/figure>\n<\/div>\n<\/div>\n<\/div>\n\n\n\n<div class=\"wp-block-group is-layout-constrained wp-container-core-group-is-layout-e13bd636 wp-block-group-is-layout-constrained\" style=\"padding-right:var(--wp--preset--spacing--30);padding-left:var(--wp--preset--spacing--30)\">\n<h5 class=\"wp-block-heading has-text-align-center has-palette-color-1-color has-text-color has-link-color wp-elements-b17f6974ae0803bf1c18bfd23c82e958\" id=\"big-grand-prix\">BIG GRAND PRIX<\/h5>\n\n\n\n<div class=\"wp-block-columns is-layout-flex wp-container-core-columns-is-layout-28f84493 wp-block-columns-is-layout-flex\">\n<div class=\"wp-block-column is-layout-flow wp-block-column-is-layout-flow\">\n<figure class=\"wp-block-image aligncenter size-large is-resized\"><img loading=\"lazy\" decoding=\"async\" width=\"1024\" height=\"1024\" src=\"https:\/\/tallinnvoice.ee\/wp-content\/uploads\/2026\/03\/sofia24-1024x1024.jpg\" alt=\"\" class=\"wp-image-558\" style=\"width:227px;height:auto\" srcset=\"https:\/\/tallinnvoice.ee\/wp-content\/uploads\/2026\/03\/sofia24-1024x1024.jpg 1024w, https:\/\/tallinnvoice.ee\/wp-content\/uploads\/2026\/03\/sofia24-300x300.jpg 300w, https:\/\/tallinnvoice.ee\/wp-content\/uploads\/2026\/03\/sofia24-150x150.jpg 150w, https:\/\/tallinnvoice.ee\/wp-content\/uploads\/2026\/03\/sofia24-768x768.jpg 768w, https:\/\/tallinnvoice.ee\/wp-content\/uploads\/2026\/03\/sofia24-12x12.jpg 12w, https:\/\/tallinnvoice.ee\/wp-content\/uploads\/2026\/03\/sofia24.jpg 1080w\" sizes=\"auto, (max-width: 1024px) 100vw, 1024px\" \/><\/figure>\n<\/div>\n\n\n\n<div class=\"wp-block-column is-layout-flow wp-block-column-is-layout-flow\">\n<figure class=\"wp-block-video alignleft\"><video height=\"720\" style=\"aspect-ratio: 1280 \/ 720;\" width=\"1280\" controls src=\"https:\/\/tallinnvoice.ee\/wp-content\/uploads\/2026\/03\/sofiavid1.mp4\"><\/video><\/figure>\n<\/div>\n<\/div>\n<\/div>\n\n\n\n<div class=\"wp-block-group is-layout-constrained wp-container-core-group-is-layout-e13bd636 wp-block-group-is-layout-constrained\" style=\"padding-right:var(--wp--preset--spacing--30);padding-left:var(--wp--preset--spacing--30)\">\n<h5 class=\"wp-block-heading has-text-align-center has-palette-color-1-color has-text-color has-link-color wp-elements-1c79508225c026fdc1dfaf0a97189602\" id=\"best-encemble\">BEST ENCEMBLE<\/h5>\n\n\n\n<div class=\"wp-block-columns is-layout-flex wp-container-core-columns-is-layout-28f84493 wp-block-columns-is-layout-flex\">\n<div class=\"wp-block-column is-layout-flow wp-block-column-is-layout-flow\">\n<figure class=\"wp-block-image aligncenter size-large is-resized\"><img loading=\"lazy\" decoding=\"async\" width=\"1024\" height=\"1024\" src=\"https:\/\/tallinnvoice.ee\/wp-content\/uploads\/2026\/03\/spectrum24-1024x1024.jpg\" alt=\"\" class=\"wp-image-559\" style=\"width:228px;height:auto\" srcset=\"https:\/\/tallinnvoice.ee\/wp-content\/uploads\/2026\/03\/spectrum24-1024x1024.jpg 1024w, https:\/\/tallinnvoice.ee\/wp-content\/uploads\/2026\/03\/spectrum24-300x300.jpg 300w, https:\/\/tallinnvoice.ee\/wp-content\/uploads\/2026\/03\/spectrum24-150x150.jpg 150w, https:\/\/tallinnvoice.ee\/wp-content\/uploads\/2026\/03\/spectrum24-768x768.jpg 768w, https:\/\/tallinnvoice.ee\/wp-content\/uploads\/2026\/03\/spectrum24-12x12.jpg 12w, https:\/\/tallinnvoice.ee\/wp-content\/uploads\/2026\/03\/spectrum24.jpg 1078w\" sizes=\"auto, (max-width: 1024px) 100vw, 1024px\" \/><\/figure>\n<\/div>\n\n\n\n<div class=\"wp-block-column is-layout-flow wp-block-column-is-layout-flow\">\n<figure class=\"wp-block-video alignleft\"><video height=\"720\" style=\"aspect-ratio: 1280 \/ 720;\" width=\"1280\" controls src=\"https:\/\/tallinnvoice.ee\/wp-content\/uploads\/2026\/03\/spectrumvid1.mp4\"><\/video><\/figure>\n<\/div>\n<\/div>\n<\/div>\n\n\n\n<div class=\"wp-block-group is-layout-constrained wp-container-core-group-is-layout-e13bd636 wp-block-group-is-layout-constrained\" style=\"padding-right:var(--wp--preset--spacing--30);padding-left:var(--wp--preset--spacing--30)\">\n<h5 class=\"wp-block-heading has-text-align-center has-palette-color-1-color has-text-color has-link-color wp-elements-04ea7dbf938f01ac44a17de9ce7aa7e9\" id=\"instrumental-grand-prix\">INSTRUMENTAL GRAND PRIX<\/h5>\n\n\n\n<div class=\"wp-block-columns is-layout-flex wp-container-core-columns-is-layout-28f84493 wp-block-columns-is-layout-flex\">\n<div class=\"wp-block-column is-layout-flow wp-block-column-is-layout-flow\">\n<figure class=\"wp-block-image aligncenter size-large is-resized\"><img loading=\"lazy\" decoding=\"async\" width=\"1024\" height=\"1024\" src=\"https:\/\/tallinnvoice.ee\/wp-content\/uploads\/2026\/03\/win241-1024x1024.jpg\" alt=\"\" class=\"wp-image-1135\" style=\"width:228px;height:auto\" srcset=\"https:\/\/tallinnvoice.ee\/wp-content\/uploads\/2026\/03\/win241-1024x1024.jpg 1024w, https:\/\/tallinnvoice.ee\/wp-content\/uploads\/2026\/03\/win241-300x300.jpg 300w, https:\/\/tallinnvoice.ee\/wp-content\/uploads\/2026\/03\/win241-150x150.jpg 150w, https:\/\/tallinnvoice.ee\/wp-content\/uploads\/2026\/03\/win241-768x768.jpg 768w, https:\/\/tallinnvoice.ee\/wp-content\/uploads\/2026\/03\/win241-12x12.jpg 12w, https:\/\/tallinnvoice.ee\/wp-content\/uploads\/2026\/03\/win241.jpg 1080w\" sizes=\"auto, (max-width: 1024px) 100vw, 1024px\" \/><\/figure>\n<\/div>\n\n\n\n<div class=\"wp-block-column is-layout-flow wp-block-column-is-layout-flow\">\n<figure class=\"wp-block-embed is-type-video is-provider-youtube wp-block-embed-youtube wp-embed-aspect-16-9 wp-has-aspect-ratio\"><div class=\"wp-block-embed__wrapper\">\n<iframe loading=\"lazy\" title=\"Grand Prix Winner of  Instrumental competition Tallinn Voice 2024\" width=\"1290\" height=\"726\" src=\"https:\/\/www.youtube.com\/embed\/ohroSzjZVZA?feature=oembed\" frameborder=\"0\" allow=\"accelerometer; autoplay; clipboard-write; encrypted-media; gyroscope; picture-in-picture; web-share\" referrerpolicy=\"strict-origin-when-cross-origin\" allowfullscreen><\/iframe>\n<\/div><\/figure>\n<\/div>\n<\/div>\n<\/div>\n\n\n\n<div class=\"wp-block-columns is-layout-flex wp-container-core-columns-is-layout-1a2ddb66 wp-block-columns-is-layout-flex\" style=\"padding-right:var(--wp--preset--spacing--30);padding-left:var(--wp--preset--spacing--30)\">\n<div class=\"wp-block-column is-layout-flow wp-block-column-is-layout-flow\">\n<figure class=\"wp-block-image size-large\"><img loading=\"lazy\" decoding=\"async\" width=\"1024\" height=\"1024\" src=\"https:\/\/tallinnvoice.ee\/wp-content\/uploads\/2026\/03\/pravdf-1024x1024.jpg\" alt=\"\" class=\"wp-image-567\" srcset=\"https:\/\/tallinnvoice.ee\/wp-content\/uploads\/2026\/03\/pravdf-1024x1024.jpg 1024w, https:\/\/tallinnvoice.ee\/wp-content\/uploads\/2026\/03\/pravdf-300x300.jpg 300w, https:\/\/tallinnvoice.ee\/wp-content\/uploads\/2026\/03\/pravdf-150x150.jpg 150w, https:\/\/tallinnvoice.ee\/wp-content\/uploads\/2026\/03\/pravdf-768x768.jpg 768w, https:\/\/tallinnvoice.ee\/wp-content\/uploads\/2026\/03\/pravdf-12x12.jpg 12w, https:\/\/tallinnvoice.ee\/wp-content\/uploads\/2026\/03\/pravdf.jpg 1365w\" sizes=\"auto, (max-width: 1024px) 100vw, 1024px\" \/><\/figure>\n<\/div>\n\n\n\n<div class=\"wp-block-column is-layout-flow wp-block-column-is-layout-flow\">\n<figure class=\"wp-block-image size-large\"><img loading=\"lazy\" decoding=\"async\" width=\"1024\" height=\"1024\" src=\"https:\/\/tallinnvoice.ee\/wp-content\/uploads\/2026\/03\/paulaf-1024x1024.jpg\" alt=\"\" class=\"wp-image-569\" srcset=\"https:\/\/tallinnvoice.ee\/wp-content\/uploads\/2026\/03\/paulaf-1024x1024.jpg 1024w, https:\/\/tallinnvoice.ee\/wp-content\/uploads\/2026\/03\/paulaf-300x300.jpg 300w, https:\/\/tallinnvoice.ee\/wp-content\/uploads\/2026\/03\/paulaf-150x150.jpg 150w, https:\/\/tallinnvoice.ee\/wp-content\/uploads\/2026\/03\/paulaf-768x768.jpg 768w, https:\/\/tallinnvoice.ee\/wp-content\/uploads\/2026\/03\/paulaf-1536x1536.jpg 1536w, https:\/\/tallinnvoice.ee\/wp-content\/uploads\/2026\/03\/paulaf-12x12.jpg 12w, https:\/\/tallinnvoice.ee\/wp-content\/uploads\/2026\/03\/paulaf.jpg 1884w\" sizes=\"auto, (max-width: 1024px) 100vw, 1024px\" \/><\/figure>\n<\/div>\n\n\n\n<div class=\"wp-block-column is-layout-flow wp-block-column-is-layout-flow\">\n<figure class=\"wp-block-image size-large\"><img loading=\"lazy\" decoding=\"async\" width=\"1024\" height=\"1024\" src=\"https:\/\/tallinnvoice.ee\/wp-content\/uploads\/2026\/03\/teleukaf-1024x1024.jpg\" alt=\"\" class=\"wp-image-570\" srcset=\"https:\/\/tallinnvoice.ee\/wp-content\/uploads\/2026\/03\/teleukaf-1024x1024.jpg 1024w, https:\/\/tallinnvoice.ee\/wp-content\/uploads\/2026\/03\/teleukaf-300x300.jpg 300w, https:\/\/tallinnvoice.ee\/wp-content\/uploads\/2026\/03\/teleukaf-150x150.jpg 150w, https:\/\/tallinnvoice.ee\/wp-content\/uploads\/2026\/03\/teleukaf-768x768.jpg 768w, https:\/\/tallinnvoice.ee\/wp-content\/uploads\/2026\/03\/teleukaf-12x12.jpg 12w, https:\/\/tallinnvoice.ee\/wp-content\/uploads\/2026\/03\/teleukaf.jpg 1122w\" sizes=\"auto, (max-width: 1024px) 100vw, 1024px\" \/><\/figure>\n<\/div>\n\n\n\n<div class=\"wp-block-column is-layout-flow wp-block-column-is-layout-flow\">\n<figure class=\"wp-block-image size-large\"><img loading=\"lazy\" decoding=\"async\" width=\"1024\" height=\"1024\" src=\"https:\/\/tallinnvoice.ee\/wp-content\/uploads\/2026\/03\/sofiaf-1024x1024.jpg\" alt=\"\" class=\"wp-image-571\" srcset=\"https:\/\/tallinnvoice.ee\/wp-content\/uploads\/2026\/03\/sofiaf-1024x1024.jpg 1024w, https:\/\/tallinnvoice.ee\/wp-content\/uploads\/2026\/03\/sofiaf-300x300.jpg 300w, https:\/\/tallinnvoice.ee\/wp-content\/uploads\/2026\/03\/sofiaf-150x150.jpg 150w, https:\/\/tallinnvoice.ee\/wp-content\/uploads\/2026\/03\/sofiaf-768x768.jpg 768w, https:\/\/tallinnvoice.ee\/wp-content\/uploads\/2026\/03\/sofiaf-1536x1536.jpg 1536w, https:\/\/tallinnvoice.ee\/wp-content\/uploads\/2026\/03\/sofiaf-12x12.jpg 12w, https:\/\/tallinnvoice.ee\/wp-content\/uploads\/2026\/03\/sofiaf.jpg 2048w\" sizes=\"auto, (max-width: 1024px) 100vw, 1024px\" \/><\/figure>\n<\/div>\n\n\n\n<div class=\"wp-block-column is-layout-flow wp-block-column-is-layout-flow\">\n<figure class=\"wp-block-image size-large\"><img loading=\"lazy\" decoding=\"async\" width=\"1024\" height=\"1024\" src=\"https:\/\/tallinnvoice.ee\/wp-content\/uploads\/2026\/03\/spectrumf-1024x1024.jpg\" alt=\"\" class=\"wp-image-572\" srcset=\"https:\/\/tallinnvoice.ee\/wp-content\/uploads\/2026\/03\/spectrumf-1024x1024.jpg 1024w, https:\/\/tallinnvoice.ee\/wp-content\/uploads\/2026\/03\/spectrumf-300x300.jpg 300w, https:\/\/tallinnvoice.ee\/wp-content\/uploads\/2026\/03\/spectrumf-150x150.jpg 150w, https:\/\/tallinnvoice.ee\/wp-content\/uploads\/2026\/03\/spectrumf-768x768.jpg 768w, https:\/\/tallinnvoice.ee\/wp-content\/uploads\/2026\/03\/spectrumf-12x12.jpg 12w, https:\/\/tallinnvoice.ee\/wp-content\/uploads\/2026\/03\/spectrumf.jpg 1365w\" sizes=\"auto, (max-width: 1024px) 100vw, 1024px\" \/><\/figure>\n<\/div>\n\n\n\n<div class=\"wp-block-column is-layout-flow wp-block-column-is-layout-flow\">\n<figure class=\"wp-block-image size-large\"><img loading=\"lazy\" decoding=\"async\" width=\"960\" height=\"960\" src=\"https:\/\/tallinnvoice.ee\/wp-content\/uploads\/2026\/03\/vin242-edited.jpg\" alt=\"\" class=\"wp-image-1139\" srcset=\"https:\/\/tallinnvoice.ee\/wp-content\/uploads\/2026\/03\/vin242-edited.jpg 960w, https:\/\/tallinnvoice.ee\/wp-content\/uploads\/2026\/03\/vin242-edited-300x300.jpg 300w, https:\/\/tallinnvoice.ee\/wp-content\/uploads\/2026\/03\/vin242-edited-150x150.jpg 150w, https:\/\/tallinnvoice.ee\/wp-content\/uploads\/2026\/03\/vin242-edited-768x768.jpg 768w, https:\/\/tallinnvoice.ee\/wp-content\/uploads\/2026\/03\/vin242-edited-12x12.jpg 12w\" sizes=\"auto, (max-width: 960px) 100vw, 960px\" \/><\/figure>\n<\/div>\n<\/div>\n\n\n\n<div class=\"wp-block-columns is-layout-flex wp-container-core-columns-is-layout-28f84493 wp-block-columns-is-layout-flex\">\n<div class=\"wp-block-column is-layout-flow wp-block-column-is-layout-flow\">\n<figure class=\"wp-block-embed is-type-video is-provider-youtube wp-block-embed-youtube wp-embed-aspect-16-9 wp-has-aspect-ratio\"><div class=\"wp-block-embed__wrapper\">\n<iframe loading=\"lazy\" title=\"International Music Contest Tallinn Voice 2024\" width=\"1290\" height=\"726\" src=\"https:\/\/www.youtube.com\/embed\/QcfTT5q__cs?feature=oembed\" frameborder=\"0\" allow=\"accelerometer; autoplay; clipboard-write; encrypted-media; gyroscope; picture-in-picture; web-share\" referrerpolicy=\"strict-origin-when-cross-origin\" allowfullscreen><\/iframe>\n<\/div><\/figure>\n<\/div>\n\n\n\n<div class=\"wp-block-column is-layout-flow wp-block-column-is-layout-flow\">\n<figure class=\"wp-block-embed is-type-video is-provider-youtube wp-block-embed-youtube wp-embed-aspect-16-9 wp-has-aspect-ratio\"><div class=\"wp-block-embed__wrapper\">\n<iframe loading=\"lazy\" title=\"International Music Contest Tallinn Voice 2024\" width=\"1290\" height=\"726\" src=\"https:\/\/www.youtube.com\/embed\/B_aIP7-KimU?feature=oembed\" frameborder=\"0\" allow=\"accelerometer; autoplay; clipboard-write; encrypted-media; gyroscope; picture-in-picture; web-share\" referrerpolicy=\"strict-origin-when-cross-origin\" allowfullscreen><\/iframe>\n<\/div><\/figure>\n<\/div>\n\n\n\n<div class=\"wp-block-column is-layout-flow wp-block-column-is-layout-flow\">\n<figure class=\"wp-block-embed is-type-video is-provider-youtube wp-block-embed-youtube wp-embed-aspect-16-9 wp-has-aspect-ratio\"><div class=\"wp-block-embed__wrapper\">\n<iframe loading=\"lazy\" title=\"International Music Contest Tallinn Voice 2024\" width=\"1290\" height=\"726\" src=\"https:\/\/www.youtube.com\/embed\/dGJvFaSzCUU?feature=oembed\" frameborder=\"0\" allow=\"accelerometer; autoplay; clipboard-write; encrypted-media; gyroscope; picture-in-picture; web-share\" referrerpolicy=\"strict-origin-when-cross-origin\" allowfullscreen><\/iframe>\n<\/div><\/figure>\n<\/div>\n\n\n\n<div class=\"wp-block-column is-layout-flow wp-block-column-is-layout-flow\">\n<figure class=\"wp-block-embed is-type-video is-provider-youtube wp-block-embed-youtube wp-embed-aspect-16-9 wp-has-aspect-ratio\"><div class=\"wp-block-embed__wrapper\">\n<iframe loading=\"lazy\" title=\"International Music Contest Tallinn Voice 2024\" width=\"1290\" height=\"726\" src=\"https:\/\/www.youtube.com\/embed\/MCWG-2AukLc?feature=oembed\" frameborder=\"0\" allow=\"accelerometer; autoplay; clipboard-write; encrypted-media; gyroscope; picture-in-picture; web-share\" referrerpolicy=\"strict-origin-when-cross-origin\" allowfullscreen><\/iframe>\n<\/div><\/figure>\n<\/div>\n<\/div>\n\n\n\n<div class=\"wp-block-columns is-layout-flex wp-container-core-columns-is-layout-28f84493 wp-block-columns-is-layout-flex\">\n<div class=\"wp-block-column is-layout-flow wp-block-column-is-layout-flow\">\n<figure class=\"wp-block-embed is-type-video is-provider-youtube wp-block-embed-youtube wp-embed-aspect-16-9 wp-has-aspect-ratio\"><div class=\"wp-block-embed__wrapper\">\n<iframe loading=\"lazy\" title=\"International Music Contest Tallinn Voice 2024\" width=\"1290\" height=\"726\" src=\"https:\/\/www.youtube.com\/embed\/4gDjRq_b4vs?feature=oembed\" frameborder=\"0\" allow=\"accelerometer; autoplay; clipboard-write; encrypted-media; gyroscope; picture-in-picture; web-share\" referrerpolicy=\"strict-origin-when-cross-origin\" allowfullscreen><\/iframe>\n<\/div><\/figure>\n<\/div>\n\n\n\n<div class=\"wp-block-column is-layout-flow wp-block-column-is-layout-flow\">\n<figure class=\"wp-block-embed is-type-video is-provider-youtube wp-block-embed-youtube wp-embed-aspect-16-9 wp-has-aspect-ratio\"><div class=\"wp-block-embed__wrapper\">\n<iframe loading=\"lazy\" title=\"International Music Contest Tallinn Voice 2024\" width=\"1290\" height=\"726\" src=\"https:\/\/www.youtube.com\/embed\/uqwZP6MVHXE?feature=oembed\" frameborder=\"0\" allow=\"accelerometer; autoplay; clipboard-write; encrypted-media; gyroscope; picture-in-picture; web-share\" referrerpolicy=\"strict-origin-when-cross-origin\" allowfullscreen><\/iframe>\n<\/div><\/figure>\n<\/div>\n\n\n\n<div class=\"wp-block-column is-layout-flow wp-block-column-is-layout-flow\">\n<figure class=\"wp-block-embed is-type-video is-provider-youtube wp-block-embed-youtube wp-embed-aspect-16-9 wp-has-aspect-ratio\"><div class=\"wp-block-embed__wrapper\">\n<iframe loading=\"lazy\" title=\"International Music Contest Tallinn Voice 2024\" width=\"1290\" height=\"726\" src=\"https:\/\/www.youtube.com\/embed\/mFozAW43ZNg?feature=oembed\" frameborder=\"0\" allow=\"accelerometer; autoplay; clipboard-write; encrypted-media; gyroscope; picture-in-picture; web-share\" referrerpolicy=\"strict-origin-when-cross-origin\" allowfullscreen><\/iframe>\n<\/div><\/figure>\n<\/div>\n\n\n\n<div class=\"wp-block-column is-layout-flow wp-block-column-is-layout-flow\">\n<figure class=\"wp-block-embed is-type-video is-provider-youtube wp-block-embed-youtube wp-embed-aspect-16-9 wp-has-aspect-ratio\"><div class=\"wp-block-embed__wrapper\">\n<iframe loading=\"lazy\" title=\"International Music Contest Tallinn Voice 2024\" width=\"1290\" height=\"726\" src=\"https:\/\/www.youtube.com\/embed\/Naj6ubO0IZY?feature=oembed\" frameborder=\"0\" allow=\"accelerometer; autoplay; clipboard-write; encrypted-media; gyroscope; picture-in-picture; web-share\" referrerpolicy=\"strict-origin-when-cross-origin\" allowfullscreen><\/iframe>\n<\/div><\/figure>\n<\/div>\n<\/div>\n\n\n\n<p><\/p>","protected":false},"excerpt":{"rendered":"<p>The Jury of the Tallinn Voice 2024 has chosen Winners MINI GRAND PRIX JUNIOR GRAND PRIX BIG GRAND PRIX BIG GRAND PRIX BEST ENCEMBLE INSTRUMENTAL GRAND PRIX<\/p>","protected":false},"author":1,"featured_media":0,"parent":0,"menu_order":0,"comment_status":"closed","ping_status":"closed","template":"","meta":{"_eb_attr":"","_gspb_post_css":"","_monsterinsights_skip_tracking":false,"_monsterinsights_sitenote_active":false,"_monsterinsights_sitenote_note":"","_monsterinsights_sitenote_category":0,"footnotes":""},"class_list":["post-496","page","type-page","status-publish","hentry"],"blocksy_meta":[],"aioseo_notices":[],"_links":{"self":[{"href":"https:\/\/tallinnvoice.ee\/et\/wp-json\/wp\/v2\/pages\/496","targetHints":{"allow":["GET"]}}],"collection":[{"href":"https:\/\/tallinnvoice.ee\/et\/wp-json\/wp\/v2\/pages"}],"about":[{"href":"https:\/\/tallinnvoice.ee\/et\/wp-json\/wp\/v2\/types\/page"}],"author":[{"embeddable":true,"href":"https:\/\/tallinnvoice.ee\/et\/wp-json\/wp\/v2\/users\/1"}],"replies":[{"embeddable":true,"href":"https:\/\/tallinnvoice.ee\/et\/wp-json\/wp\/v2\/comments?post=496"}],"version-history":[{"count":9,"href":"https:\/\/tallinnvoice.ee\/et\/wp-json\/wp\/v2\/pages\/496\/revisions"}],"predecessor-version":[{"id":1489,"href":"https:\/\/tallinnvoice.ee\/et\/wp-json\/wp\/v2\/pages\/496\/revisions\/1489"}],"wp:attachment":[{"href":"https:\/\/tallinnvoice.ee\/et\/wp-json\/wp\/v2\/media?parent=496"}],"curies":[{"name":"wp","href":"https:\/\/api.w.org\/{rel}","templated":true}]}}